{"id":620,"date":"2019-07-26T12:09:56","date_gmt":"2019-07-26T10:09:56","guid":{"rendered":"http:\/\/schreinerei-heun.de\/CMS\/?page_id=620"},"modified":"2019-07-26T21:28:15","modified_gmt":"2019-07-26T19:28:15","slug":"diele","status":"publish","type":"page","link":"https:\/\/schreinerei-heun.de\/CMS\/projekte\/diele\/","title":{"rendered":"Diele"},"content":{"rendered":"\n<p>\nPlatz schaffen und G\u00e4ste im aufger\u00e4umten Entr\u00e9e empfangen.\n\n<\/p>\n\n\n<div id=\"metaslider-id-608\" style=\"width: 100%;\" class=\"ml-slider-3-108-0 metaslider metaslider-flex metaslider-608 ml-slider has-dots-nav ms-theme-default\" role=\"region\" aria-label=\"Diele\" data-height=\"1500\" data-width=\"3000\">\n    <div id=\"metaslider_container_608\">\n        <div id=\"metaslider_608\">\n            <ul class='slides'>\n                <li style=\"display: block; width: 100%;\" class=\"slide-610 ms-image \" aria-roledescription=\"slide\" data-date=\"2019-07-26 12:00:33\" data-filename=\"20180504_121301.jpg\" data-slide-type=\"image\"><img loading=\"lazy\" decoding=\"async\" width=\"3456\" height=\"4608\" src=\"https:\/\/schreinerei-heun.de\/CMS\/wp-content\/uploads\/2019\/07\/20180504_121301.jpg\" class=\"slider-608 slide-610 msDefaultImage\" alt=\"\" rel=\"\" title=\"20180504_121301\" style=\"margin: 0 auto; width: 37.5%\" srcset=\"https:\/\/schreinerei-heun.de\/CMS\/wp-content\/uploads\/2019\/07\/20180504_121301.jpg 3456w, https:\/\/schreinerei-heun.de\/CMS\/wp-content\/uploads\/2019\/07\/20180504_121301-225x300.jpg 225w, https:\/\/schreinerei-heun.de\/CMS\/wp-content\/uploads\/2019\/07\/20180504_121301-768x1024.jpg 768w\" sizes=\"auto, 100vw\" \/><\/li>\n                <li style=\"display: none; width: 100%;\" class=\"slide-609 ms-image \" aria-roledescription=\"slide\" data-date=\"2019-07-26 12:00:32\" data-filename=\"20180504_121326.jpg\" data-slide-type=\"image\"><img loading=\"lazy\" decoding=\"async\" width=\"3456\" height=\"4608\" src=\"https:\/\/schreinerei-heun.de\/CMS\/wp-content\/uploads\/2019\/07\/20180504_121326.jpg\" class=\"slider-608 slide-609 msDefaultImage\" alt=\"\" rel=\"\" title=\"20180504_121326\" style=\"margin: 0 auto; width: 37.5%\" srcset=\"https:\/\/schreinerei-heun.de\/CMS\/wp-content\/uploads\/2019\/07\/20180504_121326.jpg 3456w, https:\/\/schreinerei-heun.de\/CMS\/wp-content\/uploads\/2019\/07\/20180504_121326-225x300.jpg 225w, https:\/\/schreinerei-heun.de\/CMS\/wp-content\/uploads\/2019\/07\/20180504_121326-768x1024.jpg 768w\" sizes=\"auto, 100vw\" \/><\/li>\n                <li style=\"display: none; width: 100%;\" class=\"slide-611 ms-image \" aria-roledescription=\"slide\" data-date=\"2019-07-26 12:00:33\" data-filename=\"IMG_6929.jpg\" data-slide-type=\"image\"><img loading=\"lazy\" decoding=\"async\" width=\"1024\" height=\"682\" src=\"https:\/\/schreinerei-heun.de\/CMS\/wp-content\/uploads\/2019\/07\/IMG_6929.jpg\" class=\"slider-608 slide-611 msDefaultImage\" alt=\"\" rel=\"\" title=\"IMG_6929\" style=\"margin: 0 auto; width: 75.073313782991%\" srcset=\"https:\/\/schreinerei-heun.de\/CMS\/wp-content\/uploads\/2019\/07\/IMG_6929.jpg 1024w, https:\/\/schreinerei-heun.de\/CMS\/wp-content\/uploads\/2019\/07\/IMG_6929-300x200.jpg 300w, https:\/\/schreinerei-heun.de\/CMS\/wp-content\/uploads\/2019\/07\/IMG_6929-768x512.jpg 768w\" sizes=\"auto, 100vw\" \/><\/li>\n                <li style=\"display: none; width: 100%;\" class=\"slide-612 ms-image \" aria-roledescription=\"slide\" data-date=\"2019-07-26 12:00:33\" data-filename=\"IMG_6928.jpg\" data-slide-type=\"image\"><img loading=\"lazy\" decoding=\"async\" width=\"511\" height=\"768\" src=\"https:\/\/schreinerei-heun.de\/CMS\/wp-content\/uploads\/2019\/07\/IMG_6928.jpg\" class=\"slider-608 slide-612 msDefaultImage\" alt=\"\" rel=\"\" title=\"IMG_6928\" style=\"margin: 0 auto; width: 33.268229166667%\" srcset=\"https:\/\/schreinerei-heun.de\/CMS\/wp-content\/uploads\/2019\/07\/IMG_6928.jpg 511w, https:\/\/schreinerei-heun.de\/CMS\/wp-content\/uploads\/2019\/07\/IMG_6928-200x300.jpg 200w\" sizes=\"auto, 100vw\" \/><\/li>\n                <li style=\"display: none; width: 100%;\" class=\"slide-613 ms-image \" aria-roledescription=\"slide\" data-date=\"2019-07-26 12:00:33\" data-filename=\"IMG_6918.jpg\" data-slide-type=\"image\"><img loading=\"lazy\" decoding=\"async\" width=\"511\" height=\"768\" src=\"https:\/\/schreinerei-heun.de\/CMS\/wp-content\/uploads\/2019\/07\/IMG_6918.jpg\" class=\"slider-608 slide-613 msDefaultImage\" alt=\"\" rel=\"\" title=\"IMG_6918\" style=\"margin: 0 auto; width: 33.268229166667%\" srcset=\"https:\/\/schreinerei-heun.de\/CMS\/wp-content\/uploads\/2019\/07\/IMG_6918.jpg 511w, https:\/\/schreinerei-heun.de\/CMS\/wp-content\/uploads\/2019\/07\/IMG_6918-200x300.jpg 200w\" sizes=\"auto, 100vw\" \/><\/li>\n                <li style=\"display: none; width: 100%;\" class=\"slide-614 ms-image \" aria-roledescription=\"slide\" data-date=\"2019-07-26 12:00:33\" data-filename=\"IMG-20190726-WA0003.jpg\" data-slide-type=\"image\"><img loading=\"lazy\" decoding=\"async\" width=\"1200\" height=\"1600\" src=\"https:\/\/schreinerei-heun.de\/CMS\/wp-content\/uploads\/2019\/07\/IMG-20190726-WA0003.jpg\" class=\"slider-608 slide-614 msDefaultImage\" alt=\"\" rel=\"\" title=\"IMG-20190726-WA0003\" style=\"margin: 0 auto; width: 37.5%\" srcset=\"https:\/\/schreinerei-heun.de\/CMS\/wp-content\/uploads\/2019\/07\/IMG-20190726-WA0003.jpg 1200w, https:\/\/schreinerei-heun.de\/CMS\/wp-content\/uploads\/2019\/07\/IMG-20190726-WA0003-225x300.jpg 225w, https:\/\/schreinerei-heun.de\/CMS\/wp-content\/uploads\/2019\/07\/IMG-20190726-WA0003-768x1024.jpg 768w\" sizes=\"auto, 100vw\" \/><\/li>\n                <li style=\"display: none; width: 100%;\" class=\"slide-615 ms-image \" aria-roledescription=\"slide\" data-date=\"2019-07-26 12:00:33\" data-filename=\"IMG-20190726-WA0002.jpg\" data-slide-type=\"image\"><img loading=\"lazy\" decoding=\"async\" width=\"1200\" height=\"1600\" src=\"https:\/\/schreinerei-heun.de\/CMS\/wp-content\/uploads\/2019\/07\/IMG-20190726-WA0002.jpg\" class=\"slider-608 slide-615 msDefaultImage\" alt=\"\" rel=\"\" title=\"IMG-20190726-WA0002\" style=\"margin: 0 auto; width: 37.5%\" srcset=\"https:\/\/schreinerei-heun.de\/CMS\/wp-content\/uploads\/2019\/07\/IMG-20190726-WA0002.jpg 1200w, https:\/\/schreinerei-heun.de\/CMS\/wp-content\/uploads\/2019\/07\/IMG-20190726-WA0002-225x300.jpg 225w, https:\/\/schreinerei-heun.de\/CMS\/wp-content\/uploads\/2019\/07\/IMG-20190726-WA0002-768x1024.jpg 768w\" sizes=\"auto, 100vw\" \/><\/li>\n                <li style=\"display: none; width: 100%;\" class=\"slide-616 ms-image \" aria-roledescription=\"slide\" data-date=\"2019-07-26 12:00:33\" data-filename=\"IMG-20190726-WA0007.jpg\" data-slide-type=\"image\"><img loading=\"lazy\" decoding=\"async\" width=\"1200\" height=\"1600\" src=\"https:\/\/schreinerei-heun.de\/CMS\/wp-content\/uploads\/2019\/07\/IMG-20190726-WA0007.jpg\" class=\"slider-608 slide-616 msDefaultImage\" alt=\"\" rel=\"\" title=\"IMG-20190726-WA0007\" style=\"margin: 0 auto; width: 37.5%\" srcset=\"https:\/\/schreinerei-heun.de\/CMS\/wp-content\/uploads\/2019\/07\/IMG-20190726-WA0007.jpg 1200w, https:\/\/schreinerei-heun.de\/CMS\/wp-content\/uploads\/2019\/07\/IMG-20190726-WA0007-225x300.jpg 225w, https:\/\/schreinerei-heun.de\/CMS\/wp-content\/uploads\/2019\/07\/IMG-20190726-WA0007-768x1024.jpg 768w\" sizes=\"auto, 100vw\" \/><\/li>\n                <li style=\"display: none; width: 100%;\" class=\"slide-618 ms-image \" aria-roledescription=\"slide\" data-date=\"2019-07-26 12:00:33\" data-filename=\"Eingangsbereich-mit-Garderobe.jpg\" data-slide-type=\"image\"><img loading=\"lazy\" decoding=\"async\" width=\"4044\" height=\"2707\" src=\"https:\/\/schreinerei-heun.de\/CMS\/wp-content\/uploads\/2019\/07\/Eingangsbereich-mit-Garderobe.jpg\" class=\"slider-608 slide-618 msDefaultImage\" alt=\"\" rel=\"\" title=\"Eingangsbereich mit Garderobe\" style=\"margin: 0 auto; width: 74.695234577023%\" srcset=\"https:\/\/schreinerei-heun.de\/CMS\/wp-content\/uploads\/2019\/07\/Eingangsbereich-mit-Garderobe.jpg 4044w, https:\/\/schreinerei-heun.de\/CMS\/wp-content\/uploads\/2019\/07\/Eingangsbereich-mit-Garderobe-300x201.jpg 300w, https:\/\/schreinerei-heun.de\/CMS\/wp-content\/uploads\/2019\/07\/Eingangsbereich-mit-Garderobe-768x514.jpg 768w, https:\/\/schreinerei-heun.de\/CMS\/wp-content\/uploads\/2019\/07\/Eingangsbereich-mit-Garderobe-1024x685.jpg 1024w\" sizes=\"auto, 100vw\" \/><\/li>\n                <li style=\"display: none; width: 100%;\" class=\"slide-617 ms-image \" aria-roledescription=\"slide\" data-date=\"2019-07-26 12:00:33\" data-filename=\"Garderobe-mit-viel-Platz.jpg\" data-slide-type=\"image\"><img loading=\"lazy\" decoding=\"async\" width=\"2694\" height=\"4024\" src=\"https:\/\/schreinerei-heun.de\/CMS\/wp-content\/uploads\/2019\/07\/Garderobe-mit-viel-Platz.jpg\" class=\"slider-608 slide-617 msDefaultImage\" alt=\"\" rel=\"\" title=\"Garderobe mit viel Platz\" style=\"margin: 0 auto; width: 33.474155069583%\" srcset=\"https:\/\/schreinerei-heun.de\/CMS\/wp-content\/uploads\/2019\/07\/Garderobe-mit-viel-Platz.jpg 2694w, https:\/\/schreinerei-heun.de\/CMS\/wp-content\/uploads\/2019\/07\/Garderobe-mit-viel-Platz-201x300.jpg 201w, https:\/\/schreinerei-heun.de\/CMS\/wp-content\/uploads\/2019\/07\/Garderobe-mit-viel-Platz-768x1147.jpg 768w, https:\/\/schreinerei-heun.de\/CMS\/wp-content\/uploads\/2019\/07\/Garderobe-mit-viel-Platz-686x1024.jpg 686w\" sizes=\"auto, 100vw\" \/><\/li>\n                <li style=\"display: none; width: 100%;\" class=\"slide-619 ms-image \" aria-roledescription=\"slide\" data-date=\"2019-07-26 12:00:33\" data-filename=\"Austauschbare-Haken.jpg\" data-slide-type=\"image\"><img loading=\"lazy\" decoding=\"async\" width=\"4040\" height=\"2705\" src=\"https:\/\/schreinerei-heun.de\/CMS\/wp-content\/uploads\/2019\/07\/Austauschbare-Haken.jpg\" class=\"slider-608 slide-619 msDefaultImage\" alt=\"\" rel=\"\" title=\"Austauschbare Haken\" style=\"margin: 0 auto; width: 74.676524953789%\" srcset=\"https:\/\/schreinerei-heun.de\/CMS\/wp-content\/uploads\/2019\/07\/Austauschbare-Haken.jpg 4040w, https:\/\/schreinerei-heun.de\/CMS\/wp-content\/uploads\/2019\/07\/Austauschbare-Haken-300x201.jpg 300w, https:\/\/schreinerei-heun.de\/CMS\/wp-content\/uploads\/2019\/07\/Austauschbare-Haken-768x514.jpg 768w, https:\/\/schreinerei-heun.de\/CMS\/wp-content\/uploads\/2019\/07\/Austauschbare-Haken-1024x686.jpg 1024w\" sizes=\"auto, 100vw\" \/><div class=\"caption-wrap\"><div class=\"caption\">auswechselbare Kleiderhaken<\/div><\/div><\/li>\n                <li style=\"display: none; width: 100%;\" class=\"slide-1000 ms-image \" aria-roledescription=\"slide\" data-date=\"2021-06-08 13:56:17\" data-filename=\"geschlossen.jpeg\" data-slide-type=\"image\"><img loading=\"lazy\" decoding=\"async\" width=\"680\" height=\"906\" src=\"https:\/\/schreinerei-heun.de\/CMS\/wp-content\/uploads\/2021\/06\/geschlossen.jpeg\" class=\"slider-608 slide-1000 msDefaultImage\" alt=\"\" rel=\"\" title=\"geschlossen\" style=\"margin: 0 auto; width: 37.527593818985%\" srcset=\"https:\/\/schreinerei-heun.de\/CMS\/wp-content\/uploads\/2021\/06\/geschlossen.jpeg 680w, https:\/\/schreinerei-heun.de\/CMS\/wp-content\/uploads\/2021\/06\/geschlossen-225x300.jpeg 225w\" sizes=\"auto, 100vw\" \/><\/li>\n                <li style=\"display: none; width: 100%;\" class=\"slide-1001 ms-image \" aria-roledescription=\"slide\" data-date=\"2021-06-08 13:56:17\" data-filename=\"offen.jpeg\" data-slide-type=\"image\"><img loading=\"lazy\" decoding=\"async\" width=\"776\" height=\"1023\" src=\"https:\/\/schreinerei-heun.de\/CMS\/wp-content\/uploads\/2021\/06\/offen.jpeg\" class=\"slider-608 slide-1001 msDefaultImage\" alt=\"Stauraum als Designobjekt\" rel=\"\" title=\"offen\" style=\"margin: 0 auto; width: 37.927663734115%\" srcset=\"https:\/\/schreinerei-heun.de\/CMS\/wp-content\/uploads\/2021\/06\/offen.jpeg 776w, https:\/\/schreinerei-heun.de\/CMS\/wp-content\/uploads\/2021\/06\/offen-228x300.jpeg 228w, https:\/\/schreinerei-heun.de\/CMS\/wp-content\/uploads\/2021\/06\/offen-768x1012.jpeg 768w\" sizes=\"auto, 100vw\" \/><\/li>\n            <\/ul>\n        <\/div>\n        \n    <\/div>\n<\/div>\n\n\n\n<p>M\u00f6glich mit einer individuellen L\u00f6sung vom Schreiner<\/p>\n","protected":false},"excerpt":{"rendered":"<p>Platz schaffen und G\u00e4ste im aufger\u00e4umten Entr\u00e9e empfangen. M\u00f6glich mit einer individuellen L\u00f6sung vom Schreiner<\/p>\n","protected":false},"author":5,"featured_media":0,"parent":19,"menu_order":0,"comment_status":"closed","ping_status":"closed","template":"","meta":{"footnotes":""},"class_list":["post-620","page","type-page","status-publish","hentry"],"yoast_head":"<!-- This site is optimized with the Yoast SEO plugin v27.5 - https:\/\/yoast.com\/product\/yoast-seo-wordpress\/ -->\n<title>Diele - Schreinerei Heun<\/title>\n<meta name=\"description\" content=\"Flurm\u00f6bel mit individuellem Charme\" \/>\n<meta name=\"robots\" content=\"index, follow, max-snippet:-1, max-image-preview:large, max-video-preview:-1\" \/>\n<link rel=\"canonical\" href=\"https:\/\/schreinerei-heun.de\/CMS\/projekte\/diele\/\" \/>\n<meta property=\"og:locale\" content=\"de_DE\" \/>\n<meta property=\"og:type\" content=\"article\" \/>\n<meta property=\"og:title\" content=\"Diele - Schreinerei Heun\" \/>\n<meta property=\"og:description\" content=\"Flurm\u00f6bel mit individuellem Charme\" \/>\n<meta property=\"og:url\" content=\"https:\/\/schreinerei-heun.de\/CMS\/projekte\/diele\/\" \/>\n<meta property=\"og:site_name\" content=\"Schreinerei Heun\" \/>\n<meta property=\"article:modified_time\" content=\"2019-07-26T19:28:15+00:00\" \/>\n<meta name=\"twitter:card\" content=\"summary_large_image\" \/>\n<script type=\"application\/ld+json\" class=\"yoast-schema-graph\">{\"@context\":\"https:\\\/\\\/schema.org\",\"@graph\":[{\"@type\":\"WebPage\",\"@id\":\"https:\\\/\\\/schreinerei-heun.de\\\/CMS\\\/projekte\\\/diele\\\/\",\"url\":\"https:\\\/\\\/schreinerei-heun.de\\\/CMS\\\/projekte\\\/diele\\\/\",\"name\":\"Diele - Schreinerei Heun\",\"isPartOf\":{\"@id\":\"https:\\\/\\\/schreinerei-heun.de\\\/CMS\\\/#website\"},\"datePublished\":\"2019-07-26T10:09:56+00:00\",\"dateModified\":\"2019-07-26T19:28:15+00:00\",\"description\":\"Flurm\u00f6bel mit individuellem Charme\",\"breadcrumb\":{\"@id\":\"https:\\\/\\\/schreinerei-heun.de\\\/CMS\\\/projekte\\\/diele\\\/#breadcrumb\"},\"inLanguage\":\"de\",\"potentialAction\":[{\"@type\":\"ReadAction\",\"target\":[\"https:\\\/\\\/schreinerei-heun.de\\\/CMS\\\/projekte\\\/diele\\\/\"]}]},{\"@type\":\"BreadcrumbList\",\"@id\":\"https:\\\/\\\/schreinerei-heun.de\\\/CMS\\\/projekte\\\/diele\\\/#breadcrumb\",\"itemListElement\":[{\"@type\":\"ListItem\",\"position\":1,\"name\":\"Startseite\",\"item\":\"https:\\\/\\\/schreinerei-heun.de\\\/CMS\\\/\"},{\"@type\":\"ListItem\",\"position\":2,\"name\":\"Projekte\",\"item\":\"https:\\\/\\\/schreinerei-heun.de\\\/CMS\\\/projekte\\\/\"},{\"@type\":\"ListItem\",\"position\":3,\"name\":\"Diele\"}]},{\"@type\":\"WebSite\",\"@id\":\"https:\\\/\\\/schreinerei-heun.de\\\/CMS\\\/#website\",\"url\":\"https:\\\/\\\/schreinerei-heun.de\\\/CMS\\\/\",\"name\":\"Schreinerei Heun\",\"description\":\"\u00dcber 50 Jahre Erfahrung im Handwerk\",\"publisher\":{\"@id\":\"https:\\\/\\\/schreinerei-heun.de\\\/CMS\\\/#organization\"},\"potentialAction\":[{\"@type\":\"SearchAction\",\"target\":{\"@type\":\"EntryPoint\",\"urlTemplate\":\"https:\\\/\\\/schreinerei-heun.de\\\/CMS\\\/?s={search_term_string}\"},\"query-input\":{\"@type\":\"PropertyValueSpecification\",\"valueRequired\":true,\"valueName\":\"search_term_string\"}}],\"inLanguage\":\"de\"},{\"@type\":\"Organization\",\"@id\":\"https:\\\/\\\/schreinerei-heun.de\\\/CMS\\\/#organization\",\"name\":\"Schreinerei Heun\",\"url\":\"https:\\\/\\\/schreinerei-heun.de\\\/CMS\\\/\",\"logo\":{\"@type\":\"ImageObject\",\"inLanguage\":\"de\",\"@id\":\"https:\\\/\\\/schreinerei-heun.de\\\/CMS\\\/#\\\/schema\\\/logo\\\/image\\\/\",\"url\":\"https:\\\/\\\/schreinerei-heun.de\\\/CMS\\\/wp-content\\\/uploads\\\/2019\\\/07\\\/logo_akt.png\",\"contentUrl\":\"https:\\\/\\\/schreinerei-heun.de\\\/CMS\\\/wp-content\\\/uploads\\\/2019\\\/07\\\/logo_akt.png\",\"width\":1000,\"height\":540,\"caption\":\"Schreinerei Heun\"},\"image\":{\"@id\":\"https:\\\/\\\/schreinerei-heun.de\\\/CMS\\\/#\\\/schema\\\/logo\\\/image\\\/\"},\"sameAs\":[\"https:\\\/\\\/www.instagram.com\\\/yoast\"]}]}<\/script>\n<!-- \/ Yoast SEO plugin. -->","yoast_head_json":{"title":"Diele - Schreinerei Heun","description":"Flurm\u00f6bel mit individuellem Charme","robots":{"index":"index","follow":"follow","max-snippet":"max-snippet:-1","max-image-preview":"max-image-preview:large","max-video-preview":"max-video-preview:-1"},"canonical":"https:\/\/schreinerei-heun.de\/CMS\/projekte\/diele\/","og_locale":"de_DE","og_type":"article","og_title":"Diele - Schreinerei Heun","og_description":"Flurm\u00f6bel mit individuellem Charme","og_url":"https:\/\/schreinerei-heun.de\/CMS\/projekte\/diele\/","og_site_name":"Schreinerei Heun","article_modified_time":"2019-07-26T19:28:15+00:00","twitter_card":"summary_large_image","schema":{"@context":"https:\/\/schema.org","@graph":[{"@type":"WebPage","@id":"https:\/\/schreinerei-heun.de\/CMS\/projekte\/diele\/","url":"https:\/\/schreinerei-heun.de\/CMS\/projekte\/diele\/","name":"Diele - Schreinerei Heun","isPartOf":{"@id":"https:\/\/schreinerei-heun.de\/CMS\/#website"},"datePublished":"2019-07-26T10:09:56+00:00","dateModified":"2019-07-26T19:28:15+00:00","description":"Flurm\u00f6bel mit individuellem Charme","breadcrumb":{"@id":"https:\/\/schreinerei-heun.de\/CMS\/projekte\/diele\/#breadcrumb"},"inLanguage":"de","potentialAction":[{"@type":"ReadAction","target":["https:\/\/schreinerei-heun.de\/CMS\/projekte\/diele\/"]}]},{"@type":"BreadcrumbList","@id":"https:\/\/schreinerei-heun.de\/CMS\/projekte\/diele\/#breadcrumb","itemListElement":[{"@type":"ListItem","position":1,"name":"Startseite","item":"https:\/\/schreinerei-heun.de\/CMS\/"},{"@type":"ListItem","position":2,"name":"Projekte","item":"https:\/\/schreinerei-heun.de\/CMS\/projekte\/"},{"@type":"ListItem","position":3,"name":"Diele"}]},{"@type":"WebSite","@id":"https:\/\/schreinerei-heun.de\/CMS\/#website","url":"https:\/\/schreinerei-heun.de\/CMS\/","name":"Schreinerei Heun","description":"\u00dcber 50 Jahre Erfahrung im Handwerk","publisher":{"@id":"https:\/\/schreinerei-heun.de\/CMS\/#organization"},"potentialAction":[{"@type":"SearchAction","target":{"@type":"EntryPoint","urlTemplate":"https:\/\/schreinerei-heun.de\/CMS\/?s={search_term_string}"},"query-input":{"@type":"PropertyValueSpecification","valueRequired":true,"valueName":"search_term_string"}}],"inLanguage":"de"},{"@type":"Organization","@id":"https:\/\/schreinerei-heun.de\/CMS\/#organization","name":"Schreinerei Heun","url":"https:\/\/schreinerei-heun.de\/CMS\/","logo":{"@type":"ImageObject","inLanguage":"de","@id":"https:\/\/schreinerei-heun.de\/CMS\/#\/schema\/logo\/image\/","url":"https:\/\/schreinerei-heun.de\/CMS\/wp-content\/uploads\/2019\/07\/logo_akt.png","contentUrl":"https:\/\/schreinerei-heun.de\/CMS\/wp-content\/uploads\/2019\/07\/logo_akt.png","width":1000,"height":540,"caption":"Schreinerei Heun"},"image":{"@id":"https:\/\/schreinerei-heun.de\/CMS\/#\/schema\/logo\/image\/"},"sameAs":["https:\/\/www.instagram.com\/yoast"]}]}},"_links":{"self":[{"href":"https:\/\/schreinerei-heun.de\/CMS\/wp-json\/wp\/v2\/pages\/620","targetHints":{"allow":["GET"]}}],"collection":[{"href":"https:\/\/schreinerei-heun.de\/CMS\/wp-json\/wp\/v2\/pages"}],"about":[{"href":"https:\/\/schreinerei-heun.de\/CMS\/wp-json\/wp\/v2\/types\/page"}],"author":[{"embeddable":true,"href":"https:\/\/schreinerei-heun.de\/CMS\/wp-json\/wp\/v2\/users\/5"}],"replies":[{"embeddable":true,"href":"https:\/\/schreinerei-heun.de\/CMS\/wp-json\/wp\/v2\/comments?post=620"}],"version-history":[{"count":2,"href":"https:\/\/schreinerei-heun.de\/CMS\/wp-json\/wp\/v2\/pages\/620\/revisions"}],"predecessor-version":[{"id":622,"href":"https:\/\/schreinerei-heun.de\/CMS\/wp-json\/wp\/v2\/pages\/620\/revisions\/622"}],"up":[{"embeddable":true,"href":"https:\/\/schreinerei-heun.de\/CMS\/wp-json\/wp\/v2\/pages\/19"}],"wp:attachment":[{"href":"https:\/\/schreinerei-heun.de\/CMS\/wp-json\/wp\/v2\/media?parent=620"}],"curies":[{"name":"wp","href":"https:\/\/api.w.org\/{rel}","templated":true}]}}