{"id":365,"date":"2018-05-24T11:35:18","date_gmt":"2018-05-24T09:35:18","guid":{"rendered":"http:\/\/schreinerei-heun.de\/CMS\/?page_id=365"},"modified":"2022-04-05T09:06:19","modified_gmt":"2022-04-05T07:06:19","slug":"datenschutzerklaerung","status":"publish","type":"page","link":"https:\/\/schreinerei-heun.de\/CMS\/datenschutzerklaerung\/","title":{"rendered":"Datenschutzerkl\u00e4rung"},"content":{"rendered":"<p><strong>Informationen zur Datenerhebung gem\u00e4\u00df Artikel 13 DSGVO<\/strong><\/p>\n<ul>\n<li>1 Allgemeines<\/li>\n<\/ul>\n<ol>\n<li style=\"list-style-type: none;\">\n<ol>\n<li>Personenbezogene Daten wie z.B. Anrede, Name, Anschrift, E-Mail-Adresse, Telefonnummer, Bankverbindung, werden von der Schreinerei Heun e.K., Industriestra\u00dfe 5, 35745 Herborn Uckersdorf, Inhaber Holger Gr\u00e4b nur gem\u00e4\u00df den Bestimmungen des deutschen Datenschutzrechts verarbeitet.<\/li>\n<li>Die Datenerhebung und Datenverarbeitung ist f\u00fcr die Durchf\u00fchrung des Vertrags erforderlich und beruht auf Artikel 6 Abs. 1 b) DSGVO. Eine Weitergabe der Daten an Dritte findet nicht statt.<\/li>\n<li>Die Daten werden gel\u00f6scht, sobald sie f\u00fcr den Zweck ihrer Verarbeitung nicht mehr erforderlich sind. Nachfolgend informieren wir Sie \u00fcber Art, Umfang und Zweck der Erhebung, Verarbeitung und Nutzung der personenbezogenen Daten. Diese Datenschutzerkl\u00e4rung bezieht sich nur auf unsere Homepage www.schreinerei-heun.de. Falls Sie \u00fcber Links auf unsere Seiten weitergeleitet wurden informieren Sie sich bitte dort \u00fcber den jeweiligen Umgang mit Ihren Daten.<\/li>\n<\/ol>\n<\/li>\n<\/ol>\n<ul>\n<li>2 Bestandsdaten<\/li>\n<\/ul>\n<ol>\n<li>Ihre personenbezogenen Daten (Name, Adresse und weitere Bestandsdaten) werden ausschlie\u00dflich zur Vertragsabwicklung verwendet, soweit diese f\u00fcr die Begr\u00fcndung, Ausf\u00fchrung oder \u00c4nderung des Vertragsverh\u00e4ltnisses erforderlich sind. Um beispielsweise eine reibungslose Zustellung der Ware gew\u00e4hrleisten zu k\u00f6nnen, m\u00fcssen Ihr Name und Ihre Anschrift an die entsprechende, ausliefernde Person weitergegeben werden.<\/li>\n<li>Ohne Ihre ausdr\u00fcckliche Einwilligung oder ohne gesetzliche Grundlage werden Ihre personenbezogenen Daten nicht an au\u00dferhalb der Vertragsabwicklung stehende Dritte weitergegeben.<\/li>\n<li>Nach Abschluss der Vertragsabwicklung werden die Daten nicht weiter genutzt und f\u00fcr den Zugang anderer gesperrt. Nach Ablauf der steuer- und handelsrechtlichen Vorschriften werden jegliche &nbsp;Daten gel\u00f6scht, sofern Sie nicht ausdr\u00fccklich in die weitere Nutzung eingewilligt haben.<\/li>\n<\/ol>\n<ul>\n<li>3 Kontaktformular<\/li>\n<\/ul>\n<p>Im Rahmen der Kontaktaufnahme Ihrerseits \u00fcber das Kontaktformular oder direkt per E-Mail werden Ihre Daten zum Zweck der Durchf\u00fchrung Ihrer Kontaktanfrage erhoben. Die Datenverarbeitung beruht hierbei auf Artikel 6 Abs. 1 f) DSGVO. Ziel und Zweck der Erhebung ist das Interesse Ihre Anfrage bestm\u00f6glich zu beantworten. Eine Weitergabe der Daten an Dritte findet nicht statt. Entsprechende Daten werden gel\u00f6scht, sobald sie f\u00fcr den Zweck ihrer Verarbeitung nicht mehr erforderlich sind. Sie haben das Recht, der Verwendung Ihrer Daten zum Zweck der Kontaktaufnahme jederzeit zu widersprechen.<\/p>\n<ul>\n<li>4 Analyse mit Yoast SEO<\/li>\n<\/ul>\n<p>Diese Website benutzt Yoast SEO, einen Analysedienst der niederl\u00e4ndischen Firma Yoast BV. Yoast ist ein sogenanntes Plugin und verwendet keine Datenpakete, so genannte &#8222;Cookies&#8220; zur Auswertung unserer Webseite. Yoast wertet lediglich die Klicks auf die Homepage www.schreinerei-heun.de, welche \u00fcber den Anbieter WorldsPress betrieben wird, aus und hilft uns unsere Webpr\u00e4senz Onpage zu optimieren.<\/p>\n<ul>\n<li>5 Auskunft<\/li>\n<\/ul>\n<p>Nach dem Bundesdatenschutzgesetz haben Sie ein Recht auf unentgeltliche Auskunft \u00fcber Ihre gespeicherten Daten sowie gegebenenfalls ein Recht auf Berichtigung, Sperrung oder L\u00f6schung dieser Daten. Sollten Sie Fragen zur Verarbeitung der Dateien haben, k\u00f6nnen Sie uns gerne unter info@schreinerei-heun.de kontaktieren.<\/p>\n\n<a  href=\"#consent-change\" role=\"button\" id=\"rcb-sc-link-change\" data-success-message=\"\" class=\"rcb-sc-link rcb-sc-link-change \">Privatsph\u00e4re-Einstellungen \u00e4ndern<\/a>\n\n\n<a  href=\"#consent-history\" role=\"button\" id=\"rcb-sc-link-history\" data-success-message=\"\" class=\"rcb-sc-link rcb-sc-link-history \">Historie der Privatsph\u00e4re-Einstellungen<\/a>\n\n\n<a  href=\"#consent-revoke\" role=\"button\" id=\"rcb-sc-link-revoke\" data-success-message=\"Du hast die Einwilligung erfolgreich widerrufen. Die Seite wird nun neu geladen.\" class=\"rcb-sc-link rcb-sc-link-revoke \">Einwilligungen widerrufen<\/a>\n","protected":false},"excerpt":{"rendered":"<p>Informationen zur Datenerhebung gem\u00e4\u00df Artikel 13 DSGVO 1 Allgemeines Personenbezogene Daten wie z.B. Anrede, Name, Anschrift, E-Mail-Adresse, Telefonnummer, Bankverbindung, werden von der Schreinerei Heun e.K., Industriestra\u00dfe 5, 35745 Herborn Uckersdorf, Inhaber Holger Gr\u00e4b nur gem\u00e4\u00df den Bestimmungen des deutschen Datenschutzrechts verarbeitet. Die Datenerhebung und Datenverarbeitung ist f\u00fcr die Durchf\u00fchrung des Vertrags erforderlich und beruht auf &hellip; <\/p>\n<p class=\"link-more\"><a href=\"https:\/\/schreinerei-heun.de\/CMS\/datenschutzerklaerung\/\" class=\"more-link\"><span class=\"screen-reader-text\">\u201eDatenschutzerkl\u00e4rung\u201c <\/span>weiterlesen<\/a><\/p>\n","protected":false},"author":3,"featured_media":0,"parent":0,"menu_order":0,"comment_status":"closed","ping_status":"closed","template":"","meta":{"footnotes":""},"class_list":["post-365","page","type-page","status-publish","hentry"],"yoast_head":"<!-- This site is optimized with the Yoast SEO plugin v27.6 - https:\/\/yoast.com\/product\/yoast-seo-wordpress\/ -->\n<title>Datenschutzerkl\u00e4rung - Schreinerei Heun<\/title>\n<meta name=\"robots\" content=\"index, follow, max-snippet:-1, max-image-preview:large, max-video-preview:-1\" \/>\n<link rel=\"canonical\" href=\"https:\/\/schreinerei-heun.de\/CMS\/datenschutzerklaerung\/\" \/>\n<meta property=\"og:locale\" content=\"de_DE\" \/>\n<meta property=\"og:type\" content=\"article\" \/>\n<meta property=\"og:title\" content=\"Datenschutzerkl\u00e4rung - Schreinerei Heun\" \/>\n<meta property=\"og:description\" content=\"Informationen zur Datenerhebung gem\u00e4\u00df Artikel 13 DSGVO 1 Allgemeines Personenbezogene Daten wie z.B. Anrede, Name, Anschrift, E-Mail-Adresse, Telefonnummer, Bankverbindung, werden von der Schreinerei Heun e.K., Industriestra\u00dfe 5, 35745 Herborn Uckersdorf, Inhaber Holger Gr\u00e4b nur gem\u00e4\u00df den Bestimmungen des deutschen Datenschutzrechts verarbeitet. Die Datenerhebung und Datenverarbeitung ist f\u00fcr die Durchf\u00fchrung des Vertrags erforderlich und beruht auf &hellip; \u201eDatenschutzerkl\u00e4rung\u201c weiterlesen\" \/>\n<meta property=\"og:url\" content=\"https:\/\/schreinerei-heun.de\/CMS\/datenschutzerklaerung\/\" \/>\n<meta property=\"og:site_name\" content=\"Schreinerei Heun\" \/>\n<meta property=\"article:modified_time\" content=\"2022-04-05T07:06:19+00:00\" \/>\n<meta name=\"twitter:card\" content=\"summary_large_image\" \/>\n<meta name=\"twitter:label1\" content=\"Gesch\u00e4tzte Lesezeit\" \/>\n\t<meta name=\"twitter:data1\" content=\"3\u00a0Minuten\" \/>\n<script type=\"application\/ld+json\" class=\"yoast-schema-graph\">{\"@context\":\"https:\\\/\\\/schema.org\",\"@graph\":[{\"@type\":\"WebPage\",\"@id\":\"https:\\\/\\\/schreinerei-heun.de\\\/CMS\\\/datenschutzerklaerung\\\/\",\"url\":\"https:\\\/\\\/schreinerei-heun.de\\\/CMS\\\/datenschutzerklaerung\\\/\",\"name\":\"Datenschutzerkl\u00e4rung - Schreinerei Heun\",\"isPartOf\":{\"@id\":\"https:\\\/\\\/schreinerei-heun.de\\\/CMS\\\/#website\"},\"datePublished\":\"2018-05-24T09:35:18+00:00\",\"dateModified\":\"2022-04-05T07:06:19+00:00\",\"breadcrumb\":{\"@id\":\"https:\\\/\\\/schreinerei-heun.de\\\/CMS\\\/datenschutzerklaerung\\\/#breadcrumb\"},\"inLanguage\":\"de\",\"potentialAction\":[{\"@type\":\"ReadAction\",\"target\":[\"https:\\\/\\\/schreinerei-heun.de\\\/CMS\\\/datenschutzerklaerung\\\/\"]}]},{\"@type\":\"BreadcrumbList\",\"@id\":\"https:\\\/\\\/schreinerei-heun.de\\\/CMS\\\/datenschutzerklaerung\\\/#breadcrumb\",\"itemListElement\":[{\"@type\":\"ListItem\",\"position\":1,\"name\":\"Startseite\",\"item\":\"https:\\\/\\\/schreinerei-heun.de\\\/CMS\\\/\"},{\"@type\":\"ListItem\",\"position\":2,\"name\":\"Datenschutzerkl\u00e4rung\"}]},{\"@type\":\"WebSite\",\"@id\":\"https:\\\/\\\/schreinerei-heun.de\\\/CMS\\\/#website\",\"url\":\"https:\\\/\\\/schreinerei-heun.de\\\/CMS\\\/\",\"name\":\"Schreinerei Heun\",\"description\":\"\u00dcber 50 Jahre Erfahrung im Handwerk\",\"publisher\":{\"@id\":\"https:\\\/\\\/schreinerei-heun.de\\\/CMS\\\/#organization\"},\"potentialAction\":[{\"@type\":\"SearchAction\",\"target\":{\"@type\":\"EntryPoint\",\"urlTemplate\":\"https:\\\/\\\/schreinerei-heun.de\\\/CMS\\\/?s={search_term_string}\"},\"query-input\":{\"@type\":\"PropertyValueSpecification\",\"valueRequired\":true,\"valueName\":\"search_term_string\"}}],\"inLanguage\":\"de\"},{\"@type\":\"Organization\",\"@id\":\"https:\\\/\\\/schreinerei-heun.de\\\/CMS\\\/#organization\",\"name\":\"Schreinerei Heun\",\"url\":\"https:\\\/\\\/schreinerei-heun.de\\\/CMS\\\/\",\"logo\":{\"@type\":\"ImageObject\",\"inLanguage\":\"de\",\"@id\":\"https:\\\/\\\/schreinerei-heun.de\\\/CMS\\\/#\\\/schema\\\/logo\\\/image\\\/\",\"url\":\"https:\\\/\\\/schreinerei-heun.de\\\/CMS\\\/wp-content\\\/uploads\\\/2019\\\/07\\\/logo_akt.png\",\"contentUrl\":\"https:\\\/\\\/schreinerei-heun.de\\\/CMS\\\/wp-content\\\/uploads\\\/2019\\\/07\\\/logo_akt.png\",\"width\":1000,\"height\":540,\"caption\":\"Schreinerei Heun\"},\"image\":{\"@id\":\"https:\\\/\\\/schreinerei-heun.de\\\/CMS\\\/#\\\/schema\\\/logo\\\/image\\\/\"},\"sameAs\":[\"https:\\\/\\\/www.instagram.com\\\/yoast\"]}]}<\/script>\n<!-- \/ Yoast SEO plugin. -->","yoast_head_json":{"title":"Datenschutzerkl\u00e4rung - Schreinerei Heun","robots":{"index":"index","follow":"follow","max-snippet":"max-snippet:-1","max-image-preview":"max-image-preview:large","max-video-preview":"max-video-preview:-1"},"canonical":"https:\/\/schreinerei-heun.de\/CMS\/datenschutzerklaerung\/","og_locale":"de_DE","og_type":"article","og_title":"Datenschutzerkl\u00e4rung - Schreinerei Heun","og_description":"Informationen zur Datenerhebung gem\u00e4\u00df Artikel 13 DSGVO 1 Allgemeines Personenbezogene Daten wie z.B. Anrede, Name, Anschrift, E-Mail-Adresse, Telefonnummer, Bankverbindung, werden von der Schreinerei Heun e.K., Industriestra\u00dfe 5, 35745 Herborn Uckersdorf, Inhaber Holger Gr\u00e4b nur gem\u00e4\u00df den Bestimmungen des deutschen Datenschutzrechts verarbeitet. Die Datenerhebung und Datenverarbeitung ist f\u00fcr die Durchf\u00fchrung des Vertrags erforderlich und beruht auf &hellip; \u201eDatenschutzerkl\u00e4rung\u201c weiterlesen","og_url":"https:\/\/schreinerei-heun.de\/CMS\/datenschutzerklaerung\/","og_site_name":"Schreinerei Heun","article_modified_time":"2022-04-05T07:06:19+00:00","twitter_card":"summary_large_image","twitter_misc":{"Gesch\u00e4tzte Lesezeit":"3\u00a0Minuten"},"schema":{"@context":"https:\/\/schema.org","@graph":[{"@type":"WebPage","@id":"https:\/\/schreinerei-heun.de\/CMS\/datenschutzerklaerung\/","url":"https:\/\/schreinerei-heun.de\/CMS\/datenschutzerklaerung\/","name":"Datenschutzerkl\u00e4rung - Schreinerei Heun","isPartOf":{"@id":"https:\/\/schreinerei-heun.de\/CMS\/#website"},"datePublished":"2018-05-24T09:35:18+00:00","dateModified":"2022-04-05T07:06:19+00:00","breadcrumb":{"@id":"https:\/\/schreinerei-heun.de\/CMS\/datenschutzerklaerung\/#breadcrumb"},"inLanguage":"de","potentialAction":[{"@type":"ReadAction","target":["https:\/\/schreinerei-heun.de\/CMS\/datenschutzerklaerung\/"]}]},{"@type":"BreadcrumbList","@id":"https:\/\/schreinerei-heun.de\/CMS\/datenschutzerklaerung\/#breadcrumb","itemListElement":[{"@type":"ListItem","position":1,"name":"Startseite","item":"https:\/\/schreinerei-heun.de\/CMS\/"},{"@type":"ListItem","position":2,"name":"Datenschutzerkl\u00e4rung"}]},{"@type":"WebSite","@id":"https:\/\/schreinerei-heun.de\/CMS\/#website","url":"https:\/\/schreinerei-heun.de\/CMS\/","name":"Schreinerei Heun","description":"\u00dcber 50 Jahre Erfahrung im Handwerk","publisher":{"@id":"https:\/\/schreinerei-heun.de\/CMS\/#organization"},"potentialAction":[{"@type":"SearchAction","target":{"@type":"EntryPoint","urlTemplate":"https:\/\/schreinerei-heun.de\/CMS\/?s={search_term_string}"},"query-input":{"@type":"PropertyValueSpecification","valueRequired":true,"valueName":"search_term_string"}}],"inLanguage":"de"},{"@type":"Organization","@id":"https:\/\/schreinerei-heun.de\/CMS\/#organization","name":"Schreinerei Heun","url":"https:\/\/schreinerei-heun.de\/CMS\/","logo":{"@type":"ImageObject","inLanguage":"de","@id":"https:\/\/schreinerei-heun.de\/CMS\/#\/schema\/logo\/image\/","url":"https:\/\/schreinerei-heun.de\/CMS\/wp-content\/uploads\/2019\/07\/logo_akt.png","contentUrl":"https:\/\/schreinerei-heun.de\/CMS\/wp-content\/uploads\/2019\/07\/logo_akt.png","width":1000,"height":540,"caption":"Schreinerei Heun"},"image":{"@id":"https:\/\/schreinerei-heun.de\/CMS\/#\/schema\/logo\/image\/"},"sameAs":["https:\/\/www.instagram.com\/yoast"]}]}},"_links":{"self":[{"href":"https:\/\/schreinerei-heun.de\/CMS\/wp-json\/wp\/v2\/pages\/365","targetHints":{"allow":["GET"]}}],"collection":[{"href":"https:\/\/schreinerei-heun.de\/CMS\/wp-json\/wp\/v2\/pages"}],"about":[{"href":"https:\/\/schreinerei-heun.de\/CMS\/wp-json\/wp\/v2\/types\/page"}],"author":[{"embeddable":true,"href":"https:\/\/schreinerei-heun.de\/CMS\/wp-json\/wp\/v2\/users\/3"}],"replies":[{"embeddable":true,"href":"https:\/\/schreinerei-heun.de\/CMS\/wp-json\/wp\/v2\/comments?post=365"}],"version-history":[{"count":5,"href":"https:\/\/schreinerei-heun.de\/CMS\/wp-json\/wp\/v2\/pages\/365\/revisions"}],"predecessor-version":[{"id":1028,"href":"https:\/\/schreinerei-heun.de\/CMS\/wp-json\/wp\/v2\/pages\/365\/revisions\/1028"}],"wp:attachment":[{"href":"https:\/\/schreinerei-heun.de\/CMS\/wp-json\/wp\/v2\/media?parent=365"}],"curies":[{"name":"wp","href":"https:\/\/api.w.org\/{rel}","templated":true}]}}