{"id":32,"date":"2013-07-27T01:23:11","date_gmt":"2013-07-26T23:23:11","guid":{"rendered":"http:\/\/schreinerei-heun.de\/CMS\/?page_id=32"},"modified":"2018-03-21T18:53:48","modified_gmt":"2018-03-21T16:53:48","slug":"komplettlosungen","status":"publish","type":"page","link":"https:\/\/schreinerei-heun.de\/CMS\/projekte\/komplettlosungen\/","title":{"rendered":"Komplettl\u00f6sungen"},"content":{"rendered":"<div id=\"metaslider-id-323\" style=\"max-width: 1000px;\" class=\"ml-slider-3-108-0 metaslider metaslider-flex metaslider-323 ml-slider has-dots-nav ms-theme-default\" role=\"region\" aria-label=\"Komplettl\u00f6sungen\" data-height=\"500\" data-width=\"1000\">\n    <div id=\"metaslider_container_323\">\n        <div id=\"metaslider_323\">\n            <ul class='slides'>\n                <li style=\"display: block; width: 100%;\" class=\"slide-325 ms-image \" aria-roledescription=\"slide\" data-date=\"2018-03-21 18:43:28\" data-filename=\"komplett_11.jpg\" data-slide-type=\"image\"><img loading=\"lazy\" decoding=\"async\" width=\"250\" height=\"170\" src=\"https:\/\/schreinerei-heun.de\/CMS\/wp-content\/uploads\/2014\/01\/komplett_11.jpg\" class=\"slider-323 slide-325 msDefaultImage\" alt=\"\" rel=\"\" title=\"Gro\u00dfk\u00fcche\" style=\"margin: 0 auto; width: 73.529411764706%\" sizes=\"auto, 100vw\" \/><\/li>\n                <li style=\"display: none; width: 100%;\" class=\"slide-324 ms-image \" aria-roledescription=\"slide\" data-date=\"2018-03-21 18:43:28\" data-filename=\"komplett_12.jpg\" data-slide-type=\"image\"><img loading=\"lazy\" decoding=\"async\" width=\"250\" height=\"360\" src=\"https:\/\/schreinerei-heun.de\/CMS\/wp-content\/uploads\/2014\/01\/komplett_12.jpg\" class=\"slider-323 slide-324 msDefaultImage\" alt=\"\" rel=\"\" title=\"Gro\u00dfk\u00fcche\" style=\"margin: 0 auto; width: 34.722222222222%\" srcset=\"https:\/\/schreinerei-heun.de\/CMS\/wp-content\/uploads\/2014\/01\/komplett_12.jpg 250w, https:\/\/schreinerei-heun.de\/CMS\/wp-content\/uploads\/2014\/01\/komplett_12-208x300.jpg 208w\" sizes=\"auto, 100vw\" \/><\/li>\n                <li style=\"display: none; width: 100%;\" class=\"slide-326 ms-image \" aria-roledescription=\"slide\" data-date=\"2018-03-21 18:43:28\" data-filename=\"komplett_10.jpg\" data-slide-type=\"image\"><img loading=\"lazy\" decoding=\"async\" width=\"250\" height=\"170\" src=\"https:\/\/schreinerei-heun.de\/CMS\/wp-content\/uploads\/2014\/01\/komplett_10.jpg\" class=\"slider-323 slide-326 msDefaultImage\" alt=\"\" rel=\"\" title=\"K\u00fcche\" style=\"margin: 0 auto; width: 73.529411764706%\" sizes=\"auto, 100vw\" \/><\/li>\n                <li style=\"display: none; width: 100%;\" class=\"slide-327 ms-image \" aria-roledescription=\"slide\" data-date=\"2018-03-21 18:46:28\" data-filename=\"komplett_01.jpg\" data-slide-type=\"image\"><img loading=\"lazy\" decoding=\"async\" width=\"250\" height=\"170\" src=\"https:\/\/schreinerei-heun.de\/CMS\/wp-content\/uploads\/2014\/01\/komplett_01.jpg\" class=\"slider-323 slide-327 msDefaultImage\" alt=\"\" rel=\"\" title=\"K\u00fcche\" style=\"margin: 0 auto; width: 73.529411764706%\" sizes=\"auto, 100vw\" \/><\/li>\n                <li style=\"display: none; width: 100%;\" class=\"slide-328 ms-image \" aria-roledescription=\"slide\" data-date=\"2018-03-21 18:46:28\" data-filename=\"komplett_03.jpg\" data-slide-type=\"image\"><img loading=\"lazy\" decoding=\"async\" width=\"250\" height=\"360\" src=\"https:\/\/schreinerei-heun.de\/CMS\/wp-content\/uploads\/2014\/01\/komplett_03.jpg\" class=\"slider-323 slide-328 msDefaultImage\" alt=\"\" rel=\"\" title=\"K\u00fcche\" style=\"margin: 0 auto; width: 34.722222222222%\" srcset=\"https:\/\/schreinerei-heun.de\/CMS\/wp-content\/uploads\/2014\/01\/komplett_03.jpg 250w, https:\/\/schreinerei-heun.de\/CMS\/wp-content\/uploads\/2014\/01\/komplett_03-208x300.jpg 208w\" sizes=\"auto, 100vw\" \/><\/li>\n                <li style=\"display: none; width: 100%;\" class=\"slide-329 ms-image \" aria-roledescription=\"slide\" data-date=\"2018-03-21 18:47:23\" data-filename=\"In-Zusammenarbeit-mit-der-Firma-Gabel.gif\" data-slide-type=\"image\"><a href=\"http:\/\/www.gabel-kuechen.de\/\" target=\"_self\" aria-label=\"View Slide Details\" class=\"metaslider_image_link\"><img loading=\"lazy\" decoding=\"async\" width=\"258\" height=\"85\" src=\"https:\/\/schreinerei-heun.de\/CMS\/wp-content\/uploads\/2014\/01\/In-Zusammenarbeit-mit-der-Firma-Gabel.gif\" class=\"slider-323 slide-329 msDefaultImage\" alt=\"\" rel=\"\" title=\"In Zusammenarbeit mit der Firma Gabel\" style=\"margin-top: 8.5271317829457%\" sizes=\"auto, 100vw\" \/><\/a><\/li>\n                <li style=\"display: none; width: 100%;\" class=\"slide-331 ms-image \" aria-roledescription=\"slide\" data-date=\"2018-03-21 18:51:33\" data-filename=\"komplett_07.jpg\" data-slide-type=\"image\"><img loading=\"lazy\" decoding=\"async\" width=\"520\" height=\"360\" src=\"https:\/\/schreinerei-heun.de\/CMS\/wp-content\/uploads\/2014\/01\/komplett_07.jpg\" class=\"slider-323 slide-331 msDefaultImage\" alt=\"\" rel=\"\" title=\"Konferenzraum\" style=\"margin: 0 auto; width: 72.222222222222%\" srcset=\"https:\/\/schreinerei-heun.de\/CMS\/wp-content\/uploads\/2014\/01\/komplett_07.jpg 520w, https:\/\/schreinerei-heun.de\/CMS\/wp-content\/uploads\/2014\/01\/komplett_07-300x207.jpg 300w\" sizes=\"auto, 100vw\" \/><\/li>\n                <li style=\"display: none; width: 100%;\" class=\"slide-332 ms-image \" aria-roledescription=\"slide\" data-date=\"2018-03-21 18:51:33\" data-filename=\"komplett_06.jpg\" data-slide-type=\"image\"><img loading=\"lazy\" decoding=\"async\" width=\"250\" height=\"170\" src=\"https:\/\/schreinerei-heun.de\/CMS\/wp-content\/uploads\/2014\/01\/komplett_06.jpg\" class=\"slider-323 slide-332 msDefaultImage\" alt=\"\" rel=\"\" title=\"Konferenzraum\" style=\"margin: 0 auto; width: 73.529411764706%\" sizes=\"auto, 100vw\" \/><\/li>\n                <li style=\"display: none; width: 100%;\" class=\"slide-330 ms-image \" aria-roledescription=\"slide\" data-date=\"2018-03-21 18:51:33\" data-filename=\"komplett_07_plan.gif\" data-slide-type=\"image\"><img loading=\"lazy\" decoding=\"async\" width=\"250\" height=\"170\" src=\"https:\/\/schreinerei-heun.de\/CMS\/wp-content\/uploads\/2014\/01\/komplett_07_plan.gif\" class=\"slider-323 slide-330 msDefaultImage\" alt=\"\" rel=\"\" title=\"Konferenzraum Plan\" style=\"margin: 0 auto; width: 73.529411764706%\" sizes=\"auto, 100vw\" \/><\/li>\n                <li style=\"display: none; width: 100%;\" class=\"slide-333 ms-image \" aria-roledescription=\"slide\" data-date=\"2018-03-21 18:51:34\" data-filename=\"logo_weyel.gif\" data-slide-type=\"image\"><img loading=\"lazy\" decoding=\"async\" width=\"250\" height=\"110\" src=\"https:\/\/schreinerei-heun.de\/CMS\/wp-content\/uploads\/2014\/01\/logo_weyel.gif\" class=\"slider-323 slide-333 msDefaultImage\" alt=\"\" rel=\"\" title=\"In Zusammenarbeit mit der Firma Weyel\" style=\"margin-top: 3%\" sizes=\"auto, 100vw\" \/><\/li>\n                <li style=\"display: none; width: 100%;\" class=\"slide-624 ms-image \" aria-roledescription=\"slide\" data-date=\"2019-07-26 12:22:19\" data-filename=\"IMG_20180315_113100.jpg\" data-slide-type=\"image\"><img loading=\"lazy\" decoding=\"async\" width=\"3264\" height=\"2448\" src=\"https:\/\/schreinerei-heun.de\/CMS\/wp-content\/uploads\/2019\/07\/IMG_20180315_113100.jpg\" class=\"slider-323 slide-624 msDefaultImage\" alt=\"\" rel=\"\" title=\"IMG_20180315_113100\" style=\"margin: 0 auto; width: 66.666666666667%\" srcset=\"https:\/\/schreinerei-heun.de\/CMS\/wp-content\/uploads\/2019\/07\/IMG_20180315_113100.jpg 3264w, https:\/\/schreinerei-heun.de\/CMS\/wp-content\/uploads\/2019\/07\/IMG_20180315_113100-300x225.jpg 300w, https:\/\/schreinerei-heun.de\/CMS\/wp-content\/uploads\/2019\/07\/IMG_20180315_113100-768x576.jpg 768w, https:\/\/schreinerei-heun.de\/CMS\/wp-content\/uploads\/2019\/07\/IMG_20180315_113100-1024x768.jpg 1024w\" sizes=\"auto, 100vw\" \/><\/li>\n                <li style=\"display: none; width: 100%;\" class=\"slide-625 ms-image \" aria-roledescription=\"slide\" data-date=\"2019-07-26 12:22:19\" data-filename=\"IMG_20180315_121208.jpg\" data-slide-type=\"image\"><img loading=\"lazy\" decoding=\"async\" width=\"3264\" height=\"2448\" src=\"https:\/\/schreinerei-heun.de\/CMS\/wp-content\/uploads\/2019\/07\/IMG_20180315_121208.jpg\" class=\"slider-323 slide-625 msDefaultImage\" alt=\"\" rel=\"\" title=\"IMG_20180315_121208\" style=\"margin: 0 auto; width: 66.666666666667%\" srcset=\"https:\/\/schreinerei-heun.de\/CMS\/wp-content\/uploads\/2019\/07\/IMG_20180315_121208.jpg 3264w, https:\/\/schreinerei-heun.de\/CMS\/wp-content\/uploads\/2019\/07\/IMG_20180315_121208-300x225.jpg 300w, https:\/\/schreinerei-heun.de\/CMS\/wp-content\/uploads\/2019\/07\/IMG_20180315_121208-768x576.jpg 768w, https:\/\/schreinerei-heun.de\/CMS\/wp-content\/uploads\/2019\/07\/IMG_20180315_121208-1024x768.jpg 1024w\" sizes=\"auto, 100vw\" \/><\/li>\n                <li style=\"display: none; width: 100%;\" class=\"slide-626 ms-image \" aria-roledescription=\"slide\" data-date=\"2019-07-26 12:22:19\" data-filename=\"IMG_20180407_125141.jpg\" data-slide-type=\"image\"><img loading=\"lazy\" decoding=\"async\" width=\"2448\" height=\"3264\" src=\"https:\/\/schreinerei-heun.de\/CMS\/wp-content\/uploads\/2019\/07\/IMG_20180407_125141.jpg\" class=\"slider-323 slide-626 msDefaultImage\" alt=\"\" rel=\"\" title=\"IMG_20180407_125141\" style=\"margin: 0 auto; width: 37.5%\" srcset=\"https:\/\/schreinerei-heun.de\/CMS\/wp-content\/uploads\/2019\/07\/IMG_20180407_125141.jpg 2448w, https:\/\/schreinerei-heun.de\/CMS\/wp-content\/uploads\/2019\/07\/IMG_20180407_125141-225x300.jpg 225w, https:\/\/schreinerei-heun.de\/CMS\/wp-content\/uploads\/2019\/07\/IMG_20180407_125141-768x1024.jpg 768w\" sizes=\"auto, 100vw\" \/><\/li>\n                <li style=\"display: none; width: 100%;\" class=\"slide-627 ms-image \" aria-roledescription=\"slide\" data-date=\"2019-07-26 12:22:19\" data-filename=\"IMG_20180407_125155.jpg\" data-slide-type=\"image\"><img loading=\"lazy\" decoding=\"async\" width=\"3264\" height=\"2448\" src=\"https:\/\/schreinerei-heun.de\/CMS\/wp-content\/uploads\/2019\/07\/IMG_20180407_125155.jpg\" class=\"slider-323 slide-627 msDefaultImage\" alt=\"\" rel=\"\" title=\"IMG_20180407_125155\" style=\"margin: 0 auto; width: 66.666666666667%\" srcset=\"https:\/\/schreinerei-heun.de\/CMS\/wp-content\/uploads\/2019\/07\/IMG_20180407_125155.jpg 3264w, https:\/\/schreinerei-heun.de\/CMS\/wp-content\/uploads\/2019\/07\/IMG_20180407_125155-300x225.jpg 300w, https:\/\/schreinerei-heun.de\/CMS\/wp-content\/uploads\/2019\/07\/IMG_20180407_125155-768x576.jpg 768w, https:\/\/schreinerei-heun.de\/CMS\/wp-content\/uploads\/2019\/07\/IMG_20180407_125155-1024x768.jpg 1024w\" sizes=\"auto, 100vw\" \/><\/li>\n                <li style=\"display: none; width: 100%;\" class=\"slide-628 ms-image \" aria-roledescription=\"slide\" data-date=\"2019-07-26 12:22:19\" data-filename=\"IMG_20180407_125204.jpg\" data-slide-type=\"image\"><img loading=\"lazy\" decoding=\"async\" width=\"3264\" height=\"2448\" src=\"https:\/\/schreinerei-heun.de\/CMS\/wp-content\/uploads\/2019\/07\/IMG_20180407_125204.jpg\" class=\"slider-323 slide-628 msDefaultImage\" alt=\"\" rel=\"\" title=\"IMG_20180407_125204\" style=\"margin: 0 auto; width: 66.666666666667%\" srcset=\"https:\/\/schreinerei-heun.de\/CMS\/wp-content\/uploads\/2019\/07\/IMG_20180407_125204.jpg 3264w, https:\/\/schreinerei-heun.de\/CMS\/wp-content\/uploads\/2019\/07\/IMG_20180407_125204-300x225.jpg 300w, https:\/\/schreinerei-heun.de\/CMS\/wp-content\/uploads\/2019\/07\/IMG_20180407_125204-768x576.jpg 768w, https:\/\/schreinerei-heun.de\/CMS\/wp-content\/uploads\/2019\/07\/IMG_20180407_125204-1024x768.jpg 1024w\" sizes=\"auto, 100vw\" \/><\/li>\n                <li style=\"display: none; width: 100%;\" class=\"slide-629 ms-image \" aria-roledescription=\"slide\" data-date=\"2019-07-26 12:22:19\" data-filename=\"IMG_20180407_125218.jpg\" data-slide-type=\"image\"><img loading=\"lazy\" decoding=\"async\" width=\"2448\" height=\"3264\" src=\"https:\/\/schreinerei-heun.de\/CMS\/wp-content\/uploads\/2019\/07\/IMG_20180407_125218.jpg\" class=\"slider-323 slide-629 msDefaultImage\" alt=\"\" rel=\"\" title=\"IMG_20180407_125218\" style=\"margin: 0 auto; width: 37.5%\" srcset=\"https:\/\/schreinerei-heun.de\/CMS\/wp-content\/uploads\/2019\/07\/IMG_20180407_125218.jpg 2448w, https:\/\/schreinerei-heun.de\/CMS\/wp-content\/uploads\/2019\/07\/IMG_20180407_125218-225x300.jpg 225w, https:\/\/schreinerei-heun.de\/CMS\/wp-content\/uploads\/2019\/07\/IMG_20180407_125218-768x1024.jpg 768w\" sizes=\"auto, 100vw\" \/><\/li>\n                <li style=\"display: none; width: 100%;\" class=\"slide-630 ms-image \" aria-roledescription=\"slide\" data-date=\"2019-07-26 12:22:19\" data-filename=\"IMG-20180407-WA0001.jpg\" data-slide-type=\"image\"><img loading=\"lazy\" decoding=\"async\" width=\"960\" height=\"1280\" src=\"https:\/\/schreinerei-heun.de\/CMS\/wp-content\/uploads\/2019\/07\/IMG-20180407-WA0001.jpg\" class=\"slider-323 slide-630 msDefaultImage\" alt=\"\" rel=\"\" title=\"IMG-20180407-WA0001\" style=\"margin: 0 auto; width: 37.5%\" srcset=\"https:\/\/schreinerei-heun.de\/CMS\/wp-content\/uploads\/2019\/07\/IMG-20180407-WA0001.jpg 960w, https:\/\/schreinerei-heun.de\/CMS\/wp-content\/uploads\/2019\/07\/IMG-20180407-WA0001-225x300.jpg 225w, https:\/\/schreinerei-heun.de\/CMS\/wp-content\/uploads\/2019\/07\/IMG-20180407-WA0001-768x1024.jpg 768w\" sizes=\"auto, 100vw\" \/><\/li>\n                <li style=\"display: none; width: 100%;\" class=\"slide-631 ms-image \" aria-roledescription=\"slide\" data-date=\"2019-07-26 12:22:19\" data-filename=\"IMG-20180407-WA0002.jpg\" data-slide-type=\"image\"><img loading=\"lazy\" decoding=\"async\" width=\"960\" height=\"1280\" src=\"https:\/\/schreinerei-heun.de\/CMS\/wp-content\/uploads\/2019\/07\/IMG-20180407-WA0002.jpg\" class=\"slider-323 slide-631 msDefaultImage\" alt=\"\" rel=\"\" title=\"IMG-20180407-WA0002\" style=\"margin: 0 auto; width: 37.5%\" srcset=\"https:\/\/schreinerei-heun.de\/CMS\/wp-content\/uploads\/2019\/07\/IMG-20180407-WA0002.jpg 960w, https:\/\/schreinerei-heun.de\/CMS\/wp-content\/uploads\/2019\/07\/IMG-20180407-WA0002-225x300.jpg 225w, https:\/\/schreinerei-heun.de\/CMS\/wp-content\/uploads\/2019\/07\/IMG-20180407-WA0002-768x1024.jpg 768w\" sizes=\"auto, 100vw\" \/><\/li>\n                <li style=\"display: none; width: 100%;\" class=\"slide-632 ms-image \" aria-roledescription=\"slide\" data-date=\"2019-07-26 12:22:19\" data-filename=\"IMG-20180407-WA0005.jpg\" data-slide-type=\"image\"><img loading=\"lazy\" decoding=\"async\" width=\"960\" height=\"1280\" src=\"https:\/\/schreinerei-heun.de\/CMS\/wp-content\/uploads\/2019\/07\/IMG-20180407-WA0005.jpg\" class=\"slider-323 slide-632 msDefaultImage\" alt=\"\" rel=\"\" title=\"IMG-20180407-WA0005\" style=\"margin: 0 auto; width: 37.5%\" srcset=\"https:\/\/schreinerei-heun.de\/CMS\/wp-content\/uploads\/2019\/07\/IMG-20180407-WA0005.jpg 960w, https:\/\/schreinerei-heun.de\/CMS\/wp-content\/uploads\/2019\/07\/IMG-20180407-WA0005-225x300.jpg 225w, https:\/\/schreinerei-heun.de\/CMS\/wp-content\/uploads\/2019\/07\/IMG-20180407-WA0005-768x1024.jpg 768w\" sizes=\"auto, 100vw\" \/><\/li>\n                <li style=\"display: none; width: 100%;\" class=\"slide-633 ms-image \" aria-roledescription=\"slide\" data-date=\"2019-07-26 12:22:20\" data-filename=\"IMG-20180407-WA0004.jpg\" data-slide-type=\"image\"><img loading=\"lazy\" decoding=\"async\" width=\"960\" height=\"1280\" src=\"https:\/\/schreinerei-heun.de\/CMS\/wp-content\/uploads\/2019\/07\/IMG-20180407-WA0004.jpg\" class=\"slider-323 slide-633 msDefaultImage\" alt=\"\" rel=\"\" title=\"IMG-20180407-WA0004\" style=\"margin: 0 auto; width: 37.5%\" srcset=\"https:\/\/schreinerei-heun.de\/CMS\/wp-content\/uploads\/2019\/07\/IMG-20180407-WA0004.jpg 960w, https:\/\/schreinerei-heun.de\/CMS\/wp-content\/uploads\/2019\/07\/IMG-20180407-WA0004-225x300.jpg 225w, https:\/\/schreinerei-heun.de\/CMS\/wp-content\/uploads\/2019\/07\/IMG-20180407-WA0004-768x1024.jpg 768w\" sizes=\"auto, 100vw\" \/><\/li>\n                <li style=\"display: none; width: 100%;\" class=\"slide-634 ms-image \" aria-roledescription=\"slide\" data-date=\"2019-07-26 12:22:20\" data-filename=\"IMG-20180407-WA0006.jpg\" data-slide-type=\"image\"><img loading=\"lazy\" decoding=\"async\" width=\"960\" height=\"1280\" src=\"https:\/\/schreinerei-heun.de\/CMS\/wp-content\/uploads\/2019\/07\/IMG-20180407-WA0006.jpg\" class=\"slider-323 slide-634 msDefaultImage\" alt=\"\" rel=\"\" title=\"IMG-20180407-WA0006\" style=\"margin: 0 auto; width: 37.5%\" srcset=\"https:\/\/schreinerei-heun.de\/CMS\/wp-content\/uploads\/2019\/07\/IMG-20180407-WA0006.jpg 960w, https:\/\/schreinerei-heun.de\/CMS\/wp-content\/uploads\/2019\/07\/IMG-20180407-WA0006-225x300.jpg 225w, https:\/\/schreinerei-heun.de\/CMS\/wp-content\/uploads\/2019\/07\/IMG-20180407-WA0006-768x1024.jpg 768w\" sizes=\"auto, 100vw\" \/><\/li>\n            <\/ul>\n        <\/div>\n        \n    <\/div>\n<\/div>\n<p>&nbsp;<\/p>\n<p>Schl\u00fcsselfertige L\u00f6sungen vom starken Team. Zusammen mit unseren Partnern bieten wir Ihnen das passende Gesamtpaket.<\/p>\n","protected":false},"excerpt":{"rendered":"<p>&nbsp; Schl\u00fcsselfertige L\u00f6sungen vom starken Team. Zusammen mit unseren Partnern bieten wir Ihnen das passende Gesamtpaket.<\/p>\n","protected":false},"author":3,"featured_media":0,"parent":19,"menu_order":0,"comment_status":"closed","ping_status":"closed","template":"","meta":{"footnotes":""},"class_list":["post-32","page","type-page","status-publish","hentry"],"yoast_head":"<!-- This site is optimized with the Yoast SEO plugin v27.5 - https:\/\/yoast.com\/product\/yoast-seo-wordpress\/ -->\n<title>Komplettl\u00f6sungen - Schreinerei Heun<\/title>\n<meta name=\"robots\" content=\"index, follow, max-snippet:-1, max-image-preview:large, max-video-preview:-1\" \/>\n<link rel=\"canonical\" href=\"https:\/\/schreinerei-heun.de\/CMS\/projekte\/komplettlosungen\/\" \/>\n<meta property=\"og:locale\" content=\"de_DE\" \/>\n<meta property=\"og:type\" content=\"article\" \/>\n<meta property=\"og:title\" content=\"Komplettl\u00f6sungen - Schreinerei Heun\" \/>\n<meta property=\"og:description\" content=\"&nbsp; Schl\u00fcsselfertige L\u00f6sungen vom starken Team. Zusammen mit unseren Partnern bieten wir Ihnen das passende Gesamtpaket.\" \/>\n<meta property=\"og:url\" content=\"https:\/\/schreinerei-heun.de\/CMS\/projekte\/komplettlosungen\/\" \/>\n<meta property=\"og:site_name\" content=\"Schreinerei Heun\" \/>\n<meta property=\"article:modified_time\" content=\"2018-03-21T16:53:48+00:00\" \/>\n<meta name=\"twitter:card\" content=\"summary_large_image\" \/>\n<script type=\"application\/ld+json\" class=\"yoast-schema-graph\">{\"@context\":\"https:\\\/\\\/schema.org\",\"@graph\":[{\"@type\":\"WebPage\",\"@id\":\"https:\\\/\\\/schreinerei-heun.de\\\/CMS\\\/projekte\\\/komplettlosungen\\\/\",\"url\":\"https:\\\/\\\/schreinerei-heun.de\\\/CMS\\\/projekte\\\/komplettlosungen\\\/\",\"name\":\"Komplettl\u00f6sungen - Schreinerei Heun\",\"isPartOf\":{\"@id\":\"https:\\\/\\\/schreinerei-heun.de\\\/CMS\\\/#website\"},\"datePublished\":\"2013-07-26T23:23:11+00:00\",\"dateModified\":\"2018-03-21T16:53:48+00:00\",\"breadcrumb\":{\"@id\":\"https:\\\/\\\/schreinerei-heun.de\\\/CMS\\\/projekte\\\/komplettlosungen\\\/#breadcrumb\"},\"inLanguage\":\"de\",\"potentialAction\":[{\"@type\":\"ReadAction\",\"target\":[\"https:\\\/\\\/schreinerei-heun.de\\\/CMS\\\/projekte\\\/komplettlosungen\\\/\"]}]},{\"@type\":\"BreadcrumbList\",\"@id\":\"https:\\\/\\\/schreinerei-heun.de\\\/CMS\\\/projekte\\\/komplettlosungen\\\/#breadcrumb\",\"itemListElement\":[{\"@type\":\"ListItem\",\"position\":1,\"name\":\"Startseite\",\"item\":\"https:\\\/\\\/schreinerei-heun.de\\\/CMS\\\/\"},{\"@type\":\"ListItem\",\"position\":2,\"name\":\"Projekte\",\"item\":\"https:\\\/\\\/schreinerei-heun.de\\\/CMS\\\/projekte\\\/\"},{\"@type\":\"ListItem\",\"position\":3,\"name\":\"Komplettl\u00f6sungen\"}]},{\"@type\":\"WebSite\",\"@id\":\"https:\\\/\\\/schreinerei-heun.de\\\/CMS\\\/#website\",\"url\":\"https:\\\/\\\/schreinerei-heun.de\\\/CMS\\\/\",\"name\":\"Schreinerei Heun\",\"description\":\"\u00dcber 50 Jahre Erfahrung im Handwerk\",\"publisher\":{\"@id\":\"https:\\\/\\\/schreinerei-heun.de\\\/CMS\\\/#organization\"},\"potentialAction\":[{\"@type\":\"SearchAction\",\"target\":{\"@type\":\"EntryPoint\",\"urlTemplate\":\"https:\\\/\\\/schreinerei-heun.de\\\/CMS\\\/?s={search_term_string}\"},\"query-input\":{\"@type\":\"PropertyValueSpecification\",\"valueRequired\":true,\"valueName\":\"search_term_string\"}}],\"inLanguage\":\"de\"},{\"@type\":\"Organization\",\"@id\":\"https:\\\/\\\/schreinerei-heun.de\\\/CMS\\\/#organization\",\"name\":\"Schreinerei Heun\",\"url\":\"https:\\\/\\\/schreinerei-heun.de\\\/CMS\\\/\",\"logo\":{\"@type\":\"ImageObject\",\"inLanguage\":\"de\",\"@id\":\"https:\\\/\\\/schreinerei-heun.de\\\/CMS\\\/#\\\/schema\\\/logo\\\/image\\\/\",\"url\":\"https:\\\/\\\/schreinerei-heun.de\\\/CMS\\\/wp-content\\\/uploads\\\/2019\\\/07\\\/logo_akt.png\",\"contentUrl\":\"https:\\\/\\\/schreinerei-heun.de\\\/CMS\\\/wp-content\\\/uploads\\\/2019\\\/07\\\/logo_akt.png\",\"width\":1000,\"height\":540,\"caption\":\"Schreinerei Heun\"},\"image\":{\"@id\":\"https:\\\/\\\/schreinerei-heun.de\\\/CMS\\\/#\\\/schema\\\/logo\\\/image\\\/\"},\"sameAs\":[\"https:\\\/\\\/www.instagram.com\\\/yoast\"]}]}<\/script>\n<!-- \/ Yoast SEO plugin. -->","yoast_head_json":{"title":"Komplettl\u00f6sungen - Schreinerei Heun","robots":{"index":"index","follow":"follow","max-snippet":"max-snippet:-1","max-image-preview":"max-image-preview:large","max-video-preview":"max-video-preview:-1"},"canonical":"https:\/\/schreinerei-heun.de\/CMS\/projekte\/komplettlosungen\/","og_locale":"de_DE","og_type":"article","og_title":"Komplettl\u00f6sungen - Schreinerei Heun","og_description":"&nbsp; Schl\u00fcsselfertige L\u00f6sungen vom starken Team. Zusammen mit unseren Partnern bieten wir Ihnen das passende Gesamtpaket.","og_url":"https:\/\/schreinerei-heun.de\/CMS\/projekte\/komplettlosungen\/","og_site_name":"Schreinerei Heun","article_modified_time":"2018-03-21T16:53:48+00:00","twitter_card":"summary_large_image","schema":{"@context":"https:\/\/schema.org","@graph":[{"@type":"WebPage","@id":"https:\/\/schreinerei-heun.de\/CMS\/projekte\/komplettlosungen\/","url":"https:\/\/schreinerei-heun.de\/CMS\/projekte\/komplettlosungen\/","name":"Komplettl\u00f6sungen - Schreinerei Heun","isPartOf":{"@id":"https:\/\/schreinerei-heun.de\/CMS\/#website"},"datePublished":"2013-07-26T23:23:11+00:00","dateModified":"2018-03-21T16:53:48+00:00","breadcrumb":{"@id":"https:\/\/schreinerei-heun.de\/CMS\/projekte\/komplettlosungen\/#breadcrumb"},"inLanguage":"de","potentialAction":[{"@type":"ReadAction","target":["https:\/\/schreinerei-heun.de\/CMS\/projekte\/komplettlosungen\/"]}]},{"@type":"BreadcrumbList","@id":"https:\/\/schreinerei-heun.de\/CMS\/projekte\/komplettlosungen\/#breadcrumb","itemListElement":[{"@type":"ListItem","position":1,"name":"Startseite","item":"https:\/\/schreinerei-heun.de\/CMS\/"},{"@type":"ListItem","position":2,"name":"Projekte","item":"https:\/\/schreinerei-heun.de\/CMS\/projekte\/"},{"@type":"ListItem","position":3,"name":"Komplettl\u00f6sungen"}]},{"@type":"WebSite","@id":"https:\/\/schreinerei-heun.de\/CMS\/#website","url":"https:\/\/schreinerei-heun.de\/CMS\/","name":"Schreinerei Heun","description":"\u00dcber 50 Jahre Erfahrung im Handwerk","publisher":{"@id":"https:\/\/schreinerei-heun.de\/CMS\/#organization"},"potentialAction":[{"@type":"SearchAction","target":{"@type":"EntryPoint","urlTemplate":"https:\/\/schreinerei-heun.de\/CMS\/?s={search_term_string}"},"query-input":{"@type":"PropertyValueSpecification","valueRequired":true,"valueName":"search_term_string"}}],"inLanguage":"de"},{"@type":"Organization","@id":"https:\/\/schreinerei-heun.de\/CMS\/#organization","name":"Schreinerei Heun","url":"https:\/\/schreinerei-heun.de\/CMS\/","logo":{"@type":"ImageObject","inLanguage":"de","@id":"https:\/\/schreinerei-heun.de\/CMS\/#\/schema\/logo\/image\/","url":"https:\/\/schreinerei-heun.de\/CMS\/wp-content\/uploads\/2019\/07\/logo_akt.png","contentUrl":"https:\/\/schreinerei-heun.de\/CMS\/wp-content\/uploads\/2019\/07\/logo_akt.png","width":1000,"height":540,"caption":"Schreinerei Heun"},"image":{"@id":"https:\/\/schreinerei-heun.de\/CMS\/#\/schema\/logo\/image\/"},"sameAs":["https:\/\/www.instagram.com\/yoast"]}]}},"_links":{"self":[{"href":"https:\/\/schreinerei-heun.de\/CMS\/wp-json\/wp\/v2\/pages\/32","targetHints":{"allow":["GET"]}}],"collection":[{"href":"https:\/\/schreinerei-heun.de\/CMS\/wp-json\/wp\/v2\/pages"}],"about":[{"href":"https:\/\/schreinerei-heun.de\/CMS\/wp-json\/wp\/v2\/types\/page"}],"author":[{"embeddable":true,"href":"https:\/\/schreinerei-heun.de\/CMS\/wp-json\/wp\/v2\/users\/3"}],"replies":[{"embeddable":true,"href":"https:\/\/schreinerei-heun.de\/CMS\/wp-json\/wp\/v2\/comments?post=32"}],"version-history":[{"count":7,"href":"https:\/\/schreinerei-heun.de\/CMS\/wp-json\/wp\/v2\/pages\/32\/revisions"}],"predecessor-version":[{"id":334,"href":"https:\/\/schreinerei-heun.de\/CMS\/wp-json\/wp\/v2\/pages\/32\/revisions\/334"}],"up":[{"embeddable":true,"href":"https:\/\/schreinerei-heun.de\/CMS\/wp-json\/wp\/v2\/pages\/19"}],"wp:attachment":[{"href":"https:\/\/schreinerei-heun.de\/CMS\/wp-json\/wp\/v2\/media?parent=32"}],"curies":[{"name":"wp","href":"https:\/\/api.w.org\/{rel}","templated":true}]}}