{"id":26,"date":"2013-07-27T01:22:14","date_gmt":"2013-07-26T23:22:14","guid":{"rendered":"http:\/\/schreinerei-heun.de\/CMS\/?page_id=26"},"modified":"2019-07-19T22:15:41","modified_gmt":"2019-07-19T20:15:41","slug":"badmobel","status":"publish","type":"page","link":"https:\/\/schreinerei-heun.de\/CMS\/projekte\/badmobel\/","title":{"rendered":"Badm\u00f6bel"},"content":{"rendered":"<div id=\"metaslider-id-358\" style=\"max-width: 1000px;\" class=\"ml-slider-3-108-0 metaslider metaslider-flex metaslider-358 ml-slider has-dots-nav ms-theme-default\" role=\"region\" aria-label=\"Badm\u00f6bel\" data-height=\"500\" data-width=\"1000\">\n    <div id=\"metaslider_container_358\">\n        <div id=\"metaslider_358\">\n            <ul class='slides'>\n                <li style=\"display: block; width: 100%;\" class=\"slide-442 ms-image \" aria-roledescription=\"slide\" data-date=\"2019-07-19 22:09:42\" data-filename=\"20190719_1810584522953606648649921.jpg\" data-slide-type=\"image\"><img loading=\"lazy\" decoding=\"async\" width=\"3000\" height=\"1460\" src=\"https:\/\/schreinerei-heun.de\/CMS\/wp-content\/uploads\/2019\/07\/20190719_1810584522953606648649921.jpg\" class=\"slider-358 slide-442 msDefaultImage\" alt=\"rustikal trifft modern\" rel=\"\" title=\"20190719_1810584522953606648649921.jpg\" style=\"margin-top: 0.66666666666667%\" srcset=\"https:\/\/schreinerei-heun.de\/CMS\/wp-content\/uploads\/2019\/07\/20190719_1810584522953606648649921.jpg 3000w, https:\/\/schreinerei-heun.de\/CMS\/wp-content\/uploads\/2019\/07\/20190719_1810584522953606648649921-300x146.jpg 300w, https:\/\/schreinerei-heun.de\/CMS\/wp-content\/uploads\/2019\/07\/20190719_1810584522953606648649921-768x374.jpg 768w, https:\/\/schreinerei-heun.de\/CMS\/wp-content\/uploads\/2019\/07\/20190719_1810584522953606648649921-1024x498.jpg 1024w\" sizes=\"auto, 100vw\" \/><\/li>\n                <li style=\"display: none; width: 100%;\" class=\"slide-443 ms-image \" aria-roledescription=\"slide\" data-date=\"2019-07-19 22:11:02\" data-filename=\"20190719_1810246837072813599106829.jpg\" data-slide-type=\"image\"><img loading=\"lazy\" decoding=\"async\" width=\"1588\" height=\"3264\" src=\"https:\/\/schreinerei-heun.de\/CMS\/wp-content\/uploads\/2019\/07\/20190719_1810246837072813599106829.jpg\" class=\"slider-358 slide-443 msDefaultImage\" alt=\"\" rel=\"\" title=\"20190719_1810246837072813599106829.jpg\" style=\"margin: 0 auto; width: 24.325980392157%\" srcset=\"https:\/\/schreinerei-heun.de\/CMS\/wp-content\/uploads\/2019\/07\/20190719_1810246837072813599106829.jpg 1588w, https:\/\/schreinerei-heun.de\/CMS\/wp-content\/uploads\/2019\/07\/20190719_1810246837072813599106829-146x300.jpg 146w, https:\/\/schreinerei-heun.de\/CMS\/wp-content\/uploads\/2019\/07\/20190719_1810246837072813599106829-768x1579.jpg 768w, https:\/\/schreinerei-heun.de\/CMS\/wp-content\/uploads\/2019\/07\/20190719_1810246837072813599106829-498x1024.jpg 498w\" sizes=\"auto, 100vw\" \/><\/li>\n                <li style=\"display: none; width: 100%;\" class=\"slide-444 ms-image \" aria-roledescription=\"slide\" data-date=\"2019-07-19 22:11:30\" data-filename=\"20190719_1811504403597885298065577.jpg\" data-slide-type=\"image\"><img loading=\"lazy\" decoding=\"async\" width=\"3000\" height=\"1458\" src=\"https:\/\/schreinerei-heun.de\/CMS\/wp-content\/uploads\/2019\/07\/20190719_1811504403597885298065577.jpg\" class=\"slider-358 slide-444 msDefaultImage\" alt=\"\" rel=\"\" title=\"20190719_1811504403597885298065577.jpg\" style=\"margin-top: 0.7%\" srcset=\"https:\/\/schreinerei-heun.de\/CMS\/wp-content\/uploads\/2019\/07\/20190719_1811504403597885298065577.jpg 3000w, https:\/\/schreinerei-heun.de\/CMS\/wp-content\/uploads\/2019\/07\/20190719_1811504403597885298065577-300x146.jpg 300w, https:\/\/schreinerei-heun.de\/CMS\/wp-content\/uploads\/2019\/07\/20190719_1811504403597885298065577-768x373.jpg 768w, https:\/\/schreinerei-heun.de\/CMS\/wp-content\/uploads\/2019\/07\/20190719_1811504403597885298065577-1024x498.jpg 1024w\" sizes=\"auto, 100vw\" \/><\/li>\n                <li style=\"display: none; width: 100%;\" class=\"slide-360 ms-image \" aria-roledescription=\"slide\" data-date=\"2018-03-21 19:24:18\" data-filename=\"Indirekte-Beleuchtung-f\u00fcr-eine-angenehme-Lichtstimmung-im-Bad.jpg\" data-slide-type=\"image\"><img loading=\"lazy\" decoding=\"async\" width=\"4272\" height=\"2848\" src=\"https:\/\/schreinerei-heun.de\/CMS\/wp-content\/uploads\/2019\/07\/Indirekte-Beleuchtung-f\u00fcr-eine-angenehme-Lichtstimmung-im-Bad.jpg\" class=\"slider-358 slide-360 msDefaultImage\" alt=\"\" rel=\"\" title=\"Indirekte Beleuchtung f\u00fcr eine angenehme Lichtstimmung im Bad\" style=\"margin: 0 auto; width: 75%\" srcset=\"https:\/\/schreinerei-heun.de\/CMS\/wp-content\/uploads\/2019\/07\/Indirekte-Beleuchtung-f\u00fcr-eine-angenehme-Lichtstimmung-im-Bad.jpg 4272w, https:\/\/schreinerei-heun.de\/CMS\/wp-content\/uploads\/2019\/07\/Indirekte-Beleuchtung-f\u00fcr-eine-angenehme-Lichtstimmung-im-Bad-300x200.jpg 300w, https:\/\/schreinerei-heun.de\/CMS\/wp-content\/uploads\/2019\/07\/Indirekte-Beleuchtung-f\u00fcr-eine-angenehme-Lichtstimmung-im-Bad-768x512.jpg 768w, https:\/\/schreinerei-heun.de\/CMS\/wp-content\/uploads\/2019\/07\/Indirekte-Beleuchtung-f\u00fcr-eine-angenehme-Lichtstimmung-im-Bad-1024x683.jpg 1024w\" sizes=\"auto, 100vw\" \/><\/li>\n            <\/ul>\n        <\/div>\n        \n    <\/div>\n<\/div>\n<p>Ideen zur Gestaltung des Bades mit passivem Licht hinter nat\u00fcrlichen Motiven, Spiegelschr\u00e4nken zur Rundumsicht oder der passgenauen Fassung f\u00fcr das Waschbecken. Gerade in kleinen B\u00e4dern sollte der vorhandene Platz ausgenutzt werden, ohne den Raum dabei kleiner wirken zu lassen. Machen Sie Ihre erholsamen Stunden in der Wanne mit indirekter Beleuchtung immer wieder neu zu unvergesslichen Momenten.<\/p>\n","protected":false},"excerpt":{"rendered":"<p>Ideen zur Gestaltung des Bades mit passivem Licht hinter nat\u00fcrlichen Motiven, Spiegelschr\u00e4nken zur Rundumsicht oder der passgenauen Fassung f\u00fcr das Waschbecken. Gerade in kleinen B\u00e4dern sollte der vorhandene Platz ausgenutzt werden, ohne den Raum dabei kleiner wirken zu lassen. Machen Sie Ihre erholsamen Stunden in der Wanne mit indirekter Beleuchtung immer wieder neu zu unvergesslichen &hellip; <\/p>\n<p class=\"link-more\"><a href=\"https:\/\/schreinerei-heun.de\/CMS\/projekte\/badmobel\/\" class=\"more-link\"><span class=\"screen-reader-text\">\u201eBadm\u00f6bel\u201c <\/span>weiterlesen<\/a><\/p>\n","protected":false},"author":3,"featured_media":0,"parent":19,"menu_order":0,"comment_status":"closed","ping_status":"closed","template":"","meta":{"footnotes":""},"class_list":["post-26","page","type-page","status-publish","hentry"],"yoast_head":"<!-- This site is optimized with the Yoast SEO plugin v27.5 - https:\/\/yoast.com\/product\/yoast-seo-wordpress\/ -->\n<title>Badm\u00f6bel - Schreinerei Heun<\/title>\n<meta name=\"robots\" content=\"index, follow, max-snippet:-1, max-image-preview:large, max-video-preview:-1\" \/>\n<link rel=\"canonical\" href=\"https:\/\/schreinerei-heun.de\/CMS\/projekte\/badmobel\/\" \/>\n<meta property=\"og:locale\" content=\"de_DE\" \/>\n<meta property=\"og:type\" content=\"article\" \/>\n<meta property=\"og:title\" content=\"Badm\u00f6bel - Schreinerei Heun\" \/>\n<meta property=\"og:description\" content=\"Ideen zur Gestaltung des Bades mit passivem Licht hinter nat\u00fcrlichen Motiven, Spiegelschr\u00e4nken zur Rundumsicht oder der passgenauen Fassung f\u00fcr das Waschbecken. Gerade in kleinen B\u00e4dern sollte der vorhandene Platz ausgenutzt werden, ohne den Raum dabei kleiner wirken zu lassen. Machen Sie Ihre erholsamen Stunden in der Wanne mit indirekter Beleuchtung immer wieder neu zu unvergesslichen &hellip; \u201eBadm\u00f6bel\u201c weiterlesen\" \/>\n<meta property=\"og:url\" content=\"https:\/\/schreinerei-heun.de\/CMS\/projekte\/badmobel\/\" \/>\n<meta property=\"og:site_name\" content=\"Schreinerei Heun\" \/>\n<meta property=\"article:modified_time\" content=\"2019-07-19T20:15:41+00:00\" \/>\n<meta name=\"twitter:card\" content=\"summary_large_image\" \/>\n<script type=\"application\/ld+json\" class=\"yoast-schema-graph\">{\"@context\":\"https:\\\/\\\/schema.org\",\"@graph\":[{\"@type\":\"WebPage\",\"@id\":\"https:\\\/\\\/schreinerei-heun.de\\\/CMS\\\/projekte\\\/badmobel\\\/\",\"url\":\"https:\\\/\\\/schreinerei-heun.de\\\/CMS\\\/projekte\\\/badmobel\\\/\",\"name\":\"Badm\u00f6bel - Schreinerei Heun\",\"isPartOf\":{\"@id\":\"https:\\\/\\\/schreinerei-heun.de\\\/CMS\\\/#website\"},\"datePublished\":\"2013-07-26T23:22:14+00:00\",\"dateModified\":\"2019-07-19T20:15:41+00:00\",\"breadcrumb\":{\"@id\":\"https:\\\/\\\/schreinerei-heun.de\\\/CMS\\\/projekte\\\/badmobel\\\/#breadcrumb\"},\"inLanguage\":\"de\",\"potentialAction\":[{\"@type\":\"ReadAction\",\"target\":[\"https:\\\/\\\/schreinerei-heun.de\\\/CMS\\\/projekte\\\/badmobel\\\/\"]}]},{\"@type\":\"BreadcrumbList\",\"@id\":\"https:\\\/\\\/schreinerei-heun.de\\\/CMS\\\/projekte\\\/badmobel\\\/#breadcrumb\",\"itemListElement\":[{\"@type\":\"ListItem\",\"position\":1,\"name\":\"Startseite\",\"item\":\"https:\\\/\\\/schreinerei-heun.de\\\/CMS\\\/\"},{\"@type\":\"ListItem\",\"position\":2,\"name\":\"Projekte\",\"item\":\"https:\\\/\\\/schreinerei-heun.de\\\/CMS\\\/projekte\\\/\"},{\"@type\":\"ListItem\",\"position\":3,\"name\":\"Badm\u00f6bel\"}]},{\"@type\":\"WebSite\",\"@id\":\"https:\\\/\\\/schreinerei-heun.de\\\/CMS\\\/#website\",\"url\":\"https:\\\/\\\/schreinerei-heun.de\\\/CMS\\\/\",\"name\":\"Schreinerei Heun\",\"description\":\"\u00dcber 50 Jahre Erfahrung im Handwerk\",\"publisher\":{\"@id\":\"https:\\\/\\\/schreinerei-heun.de\\\/CMS\\\/#organization\"},\"potentialAction\":[{\"@type\":\"SearchAction\",\"target\":{\"@type\":\"EntryPoint\",\"urlTemplate\":\"https:\\\/\\\/schreinerei-heun.de\\\/CMS\\\/?s={search_term_string}\"},\"query-input\":{\"@type\":\"PropertyValueSpecification\",\"valueRequired\":true,\"valueName\":\"search_term_string\"}}],\"inLanguage\":\"de\"},{\"@type\":\"Organization\",\"@id\":\"https:\\\/\\\/schreinerei-heun.de\\\/CMS\\\/#organization\",\"name\":\"Schreinerei Heun\",\"url\":\"https:\\\/\\\/schreinerei-heun.de\\\/CMS\\\/\",\"logo\":{\"@type\":\"ImageObject\",\"inLanguage\":\"de\",\"@id\":\"https:\\\/\\\/schreinerei-heun.de\\\/CMS\\\/#\\\/schema\\\/logo\\\/image\\\/\",\"url\":\"https:\\\/\\\/schreinerei-heun.de\\\/CMS\\\/wp-content\\\/uploads\\\/2019\\\/07\\\/logo_akt.png\",\"contentUrl\":\"https:\\\/\\\/schreinerei-heun.de\\\/CMS\\\/wp-content\\\/uploads\\\/2019\\\/07\\\/logo_akt.png\",\"width\":1000,\"height\":540,\"caption\":\"Schreinerei Heun\"},\"image\":{\"@id\":\"https:\\\/\\\/schreinerei-heun.de\\\/CMS\\\/#\\\/schema\\\/logo\\\/image\\\/\"},\"sameAs\":[\"https:\\\/\\\/www.instagram.com\\\/yoast\"]}]}<\/script>\n<!-- \/ Yoast SEO plugin. -->","yoast_head_json":{"title":"Badm\u00f6bel - Schreinerei Heun","robots":{"index":"index","follow":"follow","max-snippet":"max-snippet:-1","max-image-preview":"max-image-preview:large","max-video-preview":"max-video-preview:-1"},"canonical":"https:\/\/schreinerei-heun.de\/CMS\/projekte\/badmobel\/","og_locale":"de_DE","og_type":"article","og_title":"Badm\u00f6bel - Schreinerei Heun","og_description":"Ideen zur Gestaltung des Bades mit passivem Licht hinter nat\u00fcrlichen Motiven, Spiegelschr\u00e4nken zur Rundumsicht oder der passgenauen Fassung f\u00fcr das Waschbecken. Gerade in kleinen B\u00e4dern sollte der vorhandene Platz ausgenutzt werden, ohne den Raum dabei kleiner wirken zu lassen. Machen Sie Ihre erholsamen Stunden in der Wanne mit indirekter Beleuchtung immer wieder neu zu unvergesslichen &hellip; \u201eBadm\u00f6bel\u201c weiterlesen","og_url":"https:\/\/schreinerei-heun.de\/CMS\/projekte\/badmobel\/","og_site_name":"Schreinerei Heun","article_modified_time":"2019-07-19T20:15:41+00:00","twitter_card":"summary_large_image","schema":{"@context":"https:\/\/schema.org","@graph":[{"@type":"WebPage","@id":"https:\/\/schreinerei-heun.de\/CMS\/projekte\/badmobel\/","url":"https:\/\/schreinerei-heun.de\/CMS\/projekte\/badmobel\/","name":"Badm\u00f6bel - Schreinerei Heun","isPartOf":{"@id":"https:\/\/schreinerei-heun.de\/CMS\/#website"},"datePublished":"2013-07-26T23:22:14+00:00","dateModified":"2019-07-19T20:15:41+00:00","breadcrumb":{"@id":"https:\/\/schreinerei-heun.de\/CMS\/projekte\/badmobel\/#breadcrumb"},"inLanguage":"de","potentialAction":[{"@type":"ReadAction","target":["https:\/\/schreinerei-heun.de\/CMS\/projekte\/badmobel\/"]}]},{"@type":"BreadcrumbList","@id":"https:\/\/schreinerei-heun.de\/CMS\/projekte\/badmobel\/#breadcrumb","itemListElement":[{"@type":"ListItem","position":1,"name":"Startseite","item":"https:\/\/schreinerei-heun.de\/CMS\/"},{"@type":"ListItem","position":2,"name":"Projekte","item":"https:\/\/schreinerei-heun.de\/CMS\/projekte\/"},{"@type":"ListItem","position":3,"name":"Badm\u00f6bel"}]},{"@type":"WebSite","@id":"https:\/\/schreinerei-heun.de\/CMS\/#website","url":"https:\/\/schreinerei-heun.de\/CMS\/","name":"Schreinerei Heun","description":"\u00dcber 50 Jahre Erfahrung im Handwerk","publisher":{"@id":"https:\/\/schreinerei-heun.de\/CMS\/#organization"},"potentialAction":[{"@type":"SearchAction","target":{"@type":"EntryPoint","urlTemplate":"https:\/\/schreinerei-heun.de\/CMS\/?s={search_term_string}"},"query-input":{"@type":"PropertyValueSpecification","valueRequired":true,"valueName":"search_term_string"}}],"inLanguage":"de"},{"@type":"Organization","@id":"https:\/\/schreinerei-heun.de\/CMS\/#organization","name":"Schreinerei Heun","url":"https:\/\/schreinerei-heun.de\/CMS\/","logo":{"@type":"ImageObject","inLanguage":"de","@id":"https:\/\/schreinerei-heun.de\/CMS\/#\/schema\/logo\/image\/","url":"https:\/\/schreinerei-heun.de\/CMS\/wp-content\/uploads\/2019\/07\/logo_akt.png","contentUrl":"https:\/\/schreinerei-heun.de\/CMS\/wp-content\/uploads\/2019\/07\/logo_akt.png","width":1000,"height":540,"caption":"Schreinerei Heun"},"image":{"@id":"https:\/\/schreinerei-heun.de\/CMS\/#\/schema\/logo\/image\/"},"sameAs":["https:\/\/www.instagram.com\/yoast"]}]}},"_links":{"self":[{"href":"https:\/\/schreinerei-heun.de\/CMS\/wp-json\/wp\/v2\/pages\/26","targetHints":{"allow":["GET"]}}],"collection":[{"href":"https:\/\/schreinerei-heun.de\/CMS\/wp-json\/wp\/v2\/pages"}],"about":[{"href":"https:\/\/schreinerei-heun.de\/CMS\/wp-json\/wp\/v2\/types\/page"}],"author":[{"embeddable":true,"href":"https:\/\/schreinerei-heun.de\/CMS\/wp-json\/wp\/v2\/users\/3"}],"replies":[{"embeddable":true,"href":"https:\/\/schreinerei-heun.de\/CMS\/wp-json\/wp\/v2\/comments?post=26"}],"version-history":[{"count":3,"href":"https:\/\/schreinerei-heun.de\/CMS\/wp-json\/wp\/v2\/pages\/26\/revisions"}],"predecessor-version":[{"id":445,"href":"https:\/\/schreinerei-heun.de\/CMS\/wp-json\/wp\/v2\/pages\/26\/revisions\/445"}],"up":[{"embeddable":true,"href":"https:\/\/schreinerei-heun.de\/CMS\/wp-json\/wp\/v2\/pages\/19"}],"wp:attachment":[{"href":"https:\/\/schreinerei-heun.de\/CMS\/wp-json\/wp\/v2\/media?parent=26"}],"curies":[{"name":"wp","href":"https:\/\/api.w.org\/{rel}","templated":true}]}}