{"id":24,"date":"2013-07-27T01:21:59","date_gmt":"2013-07-26T23:21:59","guid":{"rendered":"http:\/\/schreinerei-heun.de\/CMS\/?page_id=24"},"modified":"2019-07-26T12:46:34","modified_gmt":"2019-07-26T10:46:34","slug":"buromobel","status":"publish","type":"page","link":"https:\/\/schreinerei-heun.de\/CMS\/projekte\/buromobel\/","title":{"rendered":"B\u00fcrom\u00f6bel"},"content":{"rendered":"<div id=\"metaslider-id-637\" style=\"max-width: 3000px;\" class=\"ml-slider-3-109-0 metaslider metaslider-flex metaslider-637 ml-slider has-dots-nav ms-theme-default\" role=\"region\" aria-label=\"B\u00fcro\" data-height=\"1500\" data-width=\"3000\">\n    <div id=\"metaslider_container_637\">\n        <div id=\"metaslider_637\" class=\"flexslider\">\n            <ul class='slides'>\n                <li style=\"display: block; width: 100%;\" class=\"slide-642 ms-image \" aria-roledescription=\"slide\" data-date=\"2019-07-26 12:42:27\" data-filename=\"2.1.jpg\" data-slide-type=\"image\"><img loading=\"lazy\" decoding=\"async\" width=\"3856\" height=\"2759\" src=\"https:\/\/schreinerei-heun.de\/CMS\/wp-content\/uploads\/2019\/07\/2.1.jpg\" class=\"slider-637 slide-642 msDefaultImage\" alt=\"\" rel=\"\" title=\"2.1\" style=\"margin: 0 auto; width: 69.880391446176%\" srcset=\"https:\/\/schreinerei-heun.de\/CMS\/wp-content\/uploads\/2019\/07\/2.1.jpg 3856w, https:\/\/schreinerei-heun.de\/CMS\/wp-content\/uploads\/2019\/07\/2.1-300x215.jpg 300w, https:\/\/schreinerei-heun.de\/CMS\/wp-content\/uploads\/2019\/07\/2.1-768x550.jpg 768w, https:\/\/schreinerei-heun.de\/CMS\/wp-content\/uploads\/2019\/07\/2.1-1024x733.jpg 1024w\" sizes=\"auto, 100vw\" \/><div class=\"caption-wrap\"><div class=\"caption\">vom Entwurf...<\/div><\/div><\/li>\n                <li style=\"display: none; width: 100%;\" class=\"slide-643 ms-image \" aria-roledescription=\"slide\" data-date=\"2019-07-26 12:42:27\" data-filename=\"1.1.jpg\" data-slide-type=\"image\"><img loading=\"lazy\" decoding=\"async\" width=\"3856\" height=\"2759\" src=\"https:\/\/schreinerei-heun.de\/CMS\/wp-content\/uploads\/2019\/07\/1.1.jpg\" class=\"slider-637 slide-643 msDefaultImage\" alt=\"\" rel=\"\" title=\"1.1\" style=\"margin: 0 auto; width: 69.880391446176%\" srcset=\"https:\/\/schreinerei-heun.de\/CMS\/wp-content\/uploads\/2019\/07\/1.1.jpg 3856w, https:\/\/schreinerei-heun.de\/CMS\/wp-content\/uploads\/2019\/07\/1.1-300x215.jpg 300w, https:\/\/schreinerei-heun.de\/CMS\/wp-content\/uploads\/2019\/07\/1.1-768x550.jpg 768w, https:\/\/schreinerei-heun.de\/CMS\/wp-content\/uploads\/2019\/07\/1.1-1024x733.jpg 1024w\" sizes=\"auto, 100vw\" \/><div class=\"caption-wrap\"><div class=\"caption\">am PC..<\/div><\/div><\/li>\n                <li style=\"display: none; width: 100%;\" class=\"slide-638 ms-image \" aria-roledescription=\"slide\" data-date=\"2019-07-26 12:39:52\" data-filename=\"IMG_7212-scaled.jpg\" data-slide-type=\"image\"><img loading=\"lazy\" decoding=\"async\" width=\"2560\" height=\"1920\" src=\"https:\/\/schreinerei-heun.de\/CMS\/wp-content\/uploads\/2021\/06\/IMG_7212-scaled.jpg\" class=\"slider-637 slide-638 msDefaultImage\" alt=\"\" rel=\"\" title=\"IMG_7212\" style=\"margin: 0 auto; width: 66.666666666667%\" srcset=\"https:\/\/schreinerei-heun.de\/CMS\/wp-content\/uploads\/2021\/06\/IMG_7212-scaled.jpg 2560w, https:\/\/schreinerei-heun.de\/CMS\/wp-content\/uploads\/2021\/06\/IMG_7212-300x225.jpg 300w, https:\/\/schreinerei-heun.de\/CMS\/wp-content\/uploads\/2021\/06\/IMG_7212-1024x768.jpg 1024w, https:\/\/schreinerei-heun.de\/CMS\/wp-content\/uploads\/2021\/06\/IMG_7212-768x576.jpg 768w, https:\/\/schreinerei-heun.de\/CMS\/wp-content\/uploads\/2021\/06\/IMG_7212-1536x1152.jpg 1536w, https:\/\/schreinerei-heun.de\/CMS\/wp-content\/uploads\/2021\/06\/IMG_7212-2048x1536.jpg 2048w\" sizes=\"auto, 100vw\" \/><div class=\"caption-wrap\"><div class=\"caption\">..bis zur Umsetzung..<\/div><\/div><\/li>\n                <li style=\"display: none; width: 100%;\" class=\"slide-640 ms-image \" aria-roledescription=\"slide\" data-date=\"2019-07-26 12:42:27\" data-filename=\"IMG_7213-scaled.jpg\" data-slide-type=\"image\"><img loading=\"lazy\" decoding=\"async\" width=\"2560\" height=\"1920\" src=\"https:\/\/schreinerei-heun.de\/CMS\/wp-content\/uploads\/2021\/06\/IMG_7213-scaled.jpg\" class=\"slider-637 slide-640 msDefaultImage\" alt=\"\" rel=\"\" title=\"IMG_7213\" style=\"margin: 0 auto; width: 66.666666666667%\" srcset=\"https:\/\/schreinerei-heun.de\/CMS\/wp-content\/uploads\/2021\/06\/IMG_7213-scaled.jpg 2560w, https:\/\/schreinerei-heun.de\/CMS\/wp-content\/uploads\/2021\/06\/IMG_7213-300x225.jpg 300w, https:\/\/schreinerei-heun.de\/CMS\/wp-content\/uploads\/2021\/06\/IMG_7213-1024x768.jpg 1024w, https:\/\/schreinerei-heun.de\/CMS\/wp-content\/uploads\/2021\/06\/IMG_7213-768x576.jpg 768w, https:\/\/schreinerei-heun.de\/CMS\/wp-content\/uploads\/2021\/06\/IMG_7213-1536x1152.jpg 1536w, https:\/\/schreinerei-heun.de\/CMS\/wp-content\/uploads\/2021\/06\/IMG_7213-2048x1536.jpg 2048w\" sizes=\"auto, 100vw\" \/><div class=\"caption-wrap\"><div class=\"caption\">ins \"echte\" Leben..<\/div><\/div><\/li>\n                <li style=\"display: none; width: 100%;\" class=\"slide-641 ms-image \" aria-roledescription=\"slide\" data-date=\"2019-07-26 12:42:27\" data-filename=\"IMG_20180315_121208.jpg\" data-slide-type=\"image\"><img loading=\"lazy\" decoding=\"async\" width=\"3264\" height=\"2448\" src=\"https:\/\/schreinerei-heun.de\/CMS\/wp-content\/uploads\/2019\/07\/IMG_20180315_121208.jpg\" class=\"slider-637 slide-641 msDefaultImage\" alt=\"\" rel=\"\" title=\"IMG_20180315_121208\" style=\"margin: 0 auto; width: 66.666666666667%\" srcset=\"https:\/\/schreinerei-heun.de\/CMS\/wp-content\/uploads\/2019\/07\/IMG_20180315_121208.jpg 3264w, https:\/\/schreinerei-heun.de\/CMS\/wp-content\/uploads\/2019\/07\/IMG_20180315_121208-300x225.jpg 300w, https:\/\/schreinerei-heun.de\/CMS\/wp-content\/uploads\/2019\/07\/IMG_20180315_121208-768x576.jpg 768w, https:\/\/schreinerei-heun.de\/CMS\/wp-content\/uploads\/2019\/07\/IMG_20180315_121208-1024x768.jpg 1024w\" sizes=\"auto, 100vw\" \/><div class=\"caption-wrap\"><div class=\"caption\">fast ohne einen Unterschied erkennen zu k\u00f6nnen<\/div><\/div><\/li>\n                <li style=\"display: none; width: 100%;\" class=\"slide-644 ms-image \" aria-roledescription=\"slide\" data-date=\"2019-07-26 12:42:27\" data-filename=\"komplett_07.jpg\" data-slide-type=\"image\"><img loading=\"lazy\" decoding=\"async\" width=\"520\" height=\"360\" src=\"https:\/\/schreinerei-heun.de\/CMS\/wp-content\/uploads\/2014\/01\/komplett_07.jpg\" class=\"slider-637 slide-644 msDefaultImage\" alt=\"\" rel=\"\" title=\"Konferenzraum\" style=\"margin: 0 auto; width: 72.222222222222%\" srcset=\"https:\/\/schreinerei-heun.de\/CMS\/wp-content\/uploads\/2014\/01\/komplett_07.jpg 520w, https:\/\/schreinerei-heun.de\/CMS\/wp-content\/uploads\/2014\/01\/komplett_07-300x207.jpg 300w\" sizes=\"auto, 100vw\" \/><\/li>\n                <li style=\"display: none; width: 100%;\" class=\"slide-645 ms-image \" aria-roledescription=\"slide\" data-date=\"2019-07-26 12:42:27\" data-filename=\"komplett_06.jpg\" data-slide-type=\"image\"><img loading=\"lazy\" decoding=\"async\" width=\"250\" height=\"170\" src=\"https:\/\/schreinerei-heun.de\/CMS\/wp-content\/uploads\/2014\/01\/komplett_06.jpg\" class=\"slider-637 slide-645 msDefaultImage\" alt=\"\" rel=\"\" title=\"Konferenzraum\" style=\"margin: 0 auto; width: 73.529411764706%\" sizes=\"auto, 100vw\" \/><\/li>\n            <\/ul>\n        <\/div>\n        \n    <\/div>\n<\/div>\n<p>Die t\u00e4gliche Arbeit f\u00e4llt leichter, wenn die M\u00f6blierung des Raumes nicht hindert, sondern bei der Arbeit unterst\u00fctzt. Vom Schreibtisch \u00fcber Ablagen bis zu Archiven k\u00f6nnen wir Ihnen helfen, indem wir nicht nur funktionale M\u00f6bel bauen, sondern auch sch\u00f6ne M\u00f6bel. Werten Sie ihr Arbeitsumfeld auf und bieten Sie einen ad\u00e4quaten Raum f\u00fcr Kundengespr\u00e4che.<\/p>\n","protected":false},"excerpt":{"rendered":"<p>Die t\u00e4gliche Arbeit f\u00e4llt leichter, wenn die M\u00f6blierung des Raumes nicht hindert, sondern bei der Arbeit unterst\u00fctzt. Vom Schreibtisch \u00fcber Ablagen bis zu Archiven k\u00f6nnen wir Ihnen helfen, indem wir nicht nur funktionale M\u00f6bel bauen, sondern auch sch\u00f6ne M\u00f6bel. Werten Sie ihr Arbeitsumfeld auf und bieten Sie einen ad\u00e4quaten Raum f\u00fcr Kundengespr\u00e4che.<\/p>\n","protected":false},"author":3,"featured_media":0,"parent":19,"menu_order":0,"comment_status":"closed","ping_status":"closed","template":"","meta":{"footnotes":""},"class_list":["post-24","page","type-page","status-publish","hentry"],"yoast_head":"<!-- This site is optimized with the Yoast SEO plugin v27.6 - https:\/\/yoast.com\/product\/yoast-seo-wordpress\/ -->\n<title>B\u00fcrom\u00f6bel - Schreinerei Heun<\/title>\n<meta name=\"robots\" content=\"index, follow, max-snippet:-1, max-image-preview:large, max-video-preview:-1\" \/>\n<link rel=\"canonical\" href=\"https:\/\/schreinerei-heun.de\/CMS\/projekte\/buromobel\/\" \/>\n<meta property=\"og:locale\" content=\"de_DE\" \/>\n<meta property=\"og:type\" content=\"article\" \/>\n<meta property=\"og:title\" content=\"B\u00fcrom\u00f6bel - Schreinerei Heun\" \/>\n<meta property=\"og:description\" content=\"Die t\u00e4gliche Arbeit f\u00e4llt leichter, wenn die M\u00f6blierung des Raumes nicht hindert, sondern bei der Arbeit unterst\u00fctzt. Vom Schreibtisch \u00fcber Ablagen bis zu Archiven k\u00f6nnen wir Ihnen helfen, indem wir nicht nur funktionale M\u00f6bel bauen, sondern auch sch\u00f6ne M\u00f6bel. Werten Sie ihr Arbeitsumfeld auf und bieten Sie einen ad\u00e4quaten Raum f\u00fcr Kundengespr\u00e4che.\" \/>\n<meta property=\"og:url\" content=\"https:\/\/schreinerei-heun.de\/CMS\/projekte\/buromobel\/\" \/>\n<meta property=\"og:site_name\" content=\"Schreinerei Heun\" \/>\n<meta property=\"article:modified_time\" content=\"2019-07-26T10:46:34+00:00\" \/>\n<meta name=\"twitter:card\" content=\"summary_large_image\" \/>\n<script type=\"application\/ld+json\" class=\"yoast-schema-graph\">{\"@context\":\"https:\\\/\\\/schema.org\",\"@graph\":[{\"@type\":\"WebPage\",\"@id\":\"https:\\\/\\\/schreinerei-heun.de\\\/CMS\\\/projekte\\\/buromobel\\\/\",\"url\":\"https:\\\/\\\/schreinerei-heun.de\\\/CMS\\\/projekte\\\/buromobel\\\/\",\"name\":\"B\u00fcrom\u00f6bel - Schreinerei Heun\",\"isPartOf\":{\"@id\":\"https:\\\/\\\/schreinerei-heun.de\\\/CMS\\\/#website\"},\"datePublished\":\"2013-07-26T23:21:59+00:00\",\"dateModified\":\"2019-07-26T10:46:34+00:00\",\"breadcrumb\":{\"@id\":\"https:\\\/\\\/schreinerei-heun.de\\\/CMS\\\/projekte\\\/buromobel\\\/#breadcrumb\"},\"inLanguage\":\"de\",\"potentialAction\":[{\"@type\":\"ReadAction\",\"target\":[\"https:\\\/\\\/schreinerei-heun.de\\\/CMS\\\/projekte\\\/buromobel\\\/\"]}]},{\"@type\":\"BreadcrumbList\",\"@id\":\"https:\\\/\\\/schreinerei-heun.de\\\/CMS\\\/projekte\\\/buromobel\\\/#breadcrumb\",\"itemListElement\":[{\"@type\":\"ListItem\",\"position\":1,\"name\":\"Startseite\",\"item\":\"https:\\\/\\\/schreinerei-heun.de\\\/CMS\\\/\"},{\"@type\":\"ListItem\",\"position\":2,\"name\":\"Projekte\",\"item\":\"https:\\\/\\\/schreinerei-heun.de\\\/CMS\\\/projekte\\\/\"},{\"@type\":\"ListItem\",\"position\":3,\"name\":\"B\u00fcrom\u00f6bel\"}]},{\"@type\":\"WebSite\",\"@id\":\"https:\\\/\\\/schreinerei-heun.de\\\/CMS\\\/#website\",\"url\":\"https:\\\/\\\/schreinerei-heun.de\\\/CMS\\\/\",\"name\":\"Schreinerei Heun\",\"description\":\"\u00dcber 50 Jahre Erfahrung im Handwerk\",\"publisher\":{\"@id\":\"https:\\\/\\\/schreinerei-heun.de\\\/CMS\\\/#organization\"},\"potentialAction\":[{\"@type\":\"SearchAction\",\"target\":{\"@type\":\"EntryPoint\",\"urlTemplate\":\"https:\\\/\\\/schreinerei-heun.de\\\/CMS\\\/?s={search_term_string}\"},\"query-input\":{\"@type\":\"PropertyValueSpecification\",\"valueRequired\":true,\"valueName\":\"search_term_string\"}}],\"inLanguage\":\"de\"},{\"@type\":\"Organization\",\"@id\":\"https:\\\/\\\/schreinerei-heun.de\\\/CMS\\\/#organization\",\"name\":\"Schreinerei Heun\",\"url\":\"https:\\\/\\\/schreinerei-heun.de\\\/CMS\\\/\",\"logo\":{\"@type\":\"ImageObject\",\"inLanguage\":\"de\",\"@id\":\"https:\\\/\\\/schreinerei-heun.de\\\/CMS\\\/#\\\/schema\\\/logo\\\/image\\\/\",\"url\":\"https:\\\/\\\/schreinerei-heun.de\\\/CMS\\\/wp-content\\\/uploads\\\/2019\\\/07\\\/logo_akt.png\",\"contentUrl\":\"https:\\\/\\\/schreinerei-heun.de\\\/CMS\\\/wp-content\\\/uploads\\\/2019\\\/07\\\/logo_akt.png\",\"width\":1000,\"height\":540,\"caption\":\"Schreinerei Heun\"},\"image\":{\"@id\":\"https:\\\/\\\/schreinerei-heun.de\\\/CMS\\\/#\\\/schema\\\/logo\\\/image\\\/\"},\"sameAs\":[\"https:\\\/\\\/www.instagram.com\\\/yoast\"]}]}<\/script>\n<!-- \/ Yoast SEO plugin. -->","yoast_head_json":{"title":"B\u00fcrom\u00f6bel - Schreinerei Heun","robots":{"index":"index","follow":"follow","max-snippet":"max-snippet:-1","max-image-preview":"max-image-preview:large","max-video-preview":"max-video-preview:-1"},"canonical":"https:\/\/schreinerei-heun.de\/CMS\/projekte\/buromobel\/","og_locale":"de_DE","og_type":"article","og_title":"B\u00fcrom\u00f6bel - Schreinerei Heun","og_description":"Die t\u00e4gliche Arbeit f\u00e4llt leichter, wenn die M\u00f6blierung des Raumes nicht hindert, sondern bei der Arbeit unterst\u00fctzt. Vom Schreibtisch \u00fcber Ablagen bis zu Archiven k\u00f6nnen wir Ihnen helfen, indem wir nicht nur funktionale M\u00f6bel bauen, sondern auch sch\u00f6ne M\u00f6bel. Werten Sie ihr Arbeitsumfeld auf und bieten Sie einen ad\u00e4quaten Raum f\u00fcr Kundengespr\u00e4che.","og_url":"https:\/\/schreinerei-heun.de\/CMS\/projekte\/buromobel\/","og_site_name":"Schreinerei Heun","article_modified_time":"2019-07-26T10:46:34+00:00","twitter_card":"summary_large_image","schema":{"@context":"https:\/\/schema.org","@graph":[{"@type":"WebPage","@id":"https:\/\/schreinerei-heun.de\/CMS\/projekte\/buromobel\/","url":"https:\/\/schreinerei-heun.de\/CMS\/projekte\/buromobel\/","name":"B\u00fcrom\u00f6bel - Schreinerei Heun","isPartOf":{"@id":"https:\/\/schreinerei-heun.de\/CMS\/#website"},"datePublished":"2013-07-26T23:21:59+00:00","dateModified":"2019-07-26T10:46:34+00:00","breadcrumb":{"@id":"https:\/\/schreinerei-heun.de\/CMS\/projekte\/buromobel\/#breadcrumb"},"inLanguage":"de","potentialAction":[{"@type":"ReadAction","target":["https:\/\/schreinerei-heun.de\/CMS\/projekte\/buromobel\/"]}]},{"@type":"BreadcrumbList","@id":"https:\/\/schreinerei-heun.de\/CMS\/projekte\/buromobel\/#breadcrumb","itemListElement":[{"@type":"ListItem","position":1,"name":"Startseite","item":"https:\/\/schreinerei-heun.de\/CMS\/"},{"@type":"ListItem","position":2,"name":"Projekte","item":"https:\/\/schreinerei-heun.de\/CMS\/projekte\/"},{"@type":"ListItem","position":3,"name":"B\u00fcrom\u00f6bel"}]},{"@type":"WebSite","@id":"https:\/\/schreinerei-heun.de\/CMS\/#website","url":"https:\/\/schreinerei-heun.de\/CMS\/","name":"Schreinerei Heun","description":"\u00dcber 50 Jahre Erfahrung im Handwerk","publisher":{"@id":"https:\/\/schreinerei-heun.de\/CMS\/#organization"},"potentialAction":[{"@type":"SearchAction","target":{"@type":"EntryPoint","urlTemplate":"https:\/\/schreinerei-heun.de\/CMS\/?s={search_term_string}"},"query-input":{"@type":"PropertyValueSpecification","valueRequired":true,"valueName":"search_term_string"}}],"inLanguage":"de"},{"@type":"Organization","@id":"https:\/\/schreinerei-heun.de\/CMS\/#organization","name":"Schreinerei Heun","url":"https:\/\/schreinerei-heun.de\/CMS\/","logo":{"@type":"ImageObject","inLanguage":"de","@id":"https:\/\/schreinerei-heun.de\/CMS\/#\/schema\/logo\/image\/","url":"https:\/\/schreinerei-heun.de\/CMS\/wp-content\/uploads\/2019\/07\/logo_akt.png","contentUrl":"https:\/\/schreinerei-heun.de\/CMS\/wp-content\/uploads\/2019\/07\/logo_akt.png","width":1000,"height":540,"caption":"Schreinerei Heun"},"image":{"@id":"https:\/\/schreinerei-heun.de\/CMS\/#\/schema\/logo\/image\/"},"sameAs":["https:\/\/www.instagram.com\/yoast"]}]}},"_links":{"self":[{"href":"https:\/\/schreinerei-heun.de\/CMS\/wp-json\/wp\/v2\/pages\/24","targetHints":{"allow":["GET"]}}],"collection":[{"href":"https:\/\/schreinerei-heun.de\/CMS\/wp-json\/wp\/v2\/pages"}],"about":[{"href":"https:\/\/schreinerei-heun.de\/CMS\/wp-json\/wp\/v2\/types\/page"}],"author":[{"embeddable":true,"href":"https:\/\/schreinerei-heun.de\/CMS\/wp-json\/wp\/v2\/users\/3"}],"replies":[{"embeddable":true,"href":"https:\/\/schreinerei-heun.de\/CMS\/wp-json\/wp\/v2\/comments?post=24"}],"version-history":[{"count":6,"href":"https:\/\/schreinerei-heun.de\/CMS\/wp-json\/wp\/v2\/pages\/24\/revisions"}],"predecessor-version":[{"id":646,"href":"https:\/\/schreinerei-heun.de\/CMS\/wp-json\/wp\/v2\/pages\/24\/revisions\/646"}],"up":[{"embeddable":true,"href":"https:\/\/schreinerei-heun.de\/CMS\/wp-json\/wp\/v2\/pages\/19"}],"wp:attachment":[{"href":"https:\/\/schreinerei-heun.de\/CMS\/wp-json\/wp\/v2\/media?parent=24"}],"curies":[{"name":"wp","href":"https:\/\/api.w.org\/{rel}","templated":true}]}}