{"id":22,"date":"2013-07-27T01:21:31","date_gmt":"2013-07-26T23:21:31","guid":{"rendered":"http:\/\/schreinerei-heun.de\/CMS\/?page_id=22"},"modified":"2018-03-21T19:16:51","modified_gmt":"2018-03-21T17:16:51","slug":"kuchenmobel","status":"publish","type":"page","link":"https:\/\/schreinerei-heun.de\/CMS\/projekte\/kuchenmobel\/","title":{"rendered":"K\u00fcchenm\u00f6bel"},"content":{"rendered":"<p>Gerne realisieren wir mit Ihnen zusammen Ihre Wunschk\u00fcche aus Schreinerhand<\/p>\n<div id=\"metaslider-id-338\" style=\"max-width: 1000px;\" class=\"ml-slider-3-108-0 metaslider metaslider-flex metaslider-338 ml-slider has-dots-nav ms-theme-default\" role=\"region\" aria-label=\"k\u00fcchen\" data-height=\"500\" data-width=\"1000\">\n    <div id=\"metaslider_container_338\">\n        <div id=\"metaslider_338\">\n            <ul class='slides'>\n                <li style=\"display: block; width: 100%;\" class=\"slide-339 ms-image \" aria-roledescription=\"slide\" data-date=\"2018-03-21 18:59:38\" data-filename=\"20170912_172403.jpg\" data-slide-type=\"image\"><img loading=\"lazy\" decoding=\"async\" width=\"4128\" height=\"3096\" src=\"https:\/\/schreinerei-heun.de\/CMS\/wp-content\/uploads\/2017\/10\/20170912_172403.jpg\" class=\"slider-338 slide-339 msDefaultImage\" alt=\"\" rel=\"\" title=\"B\u00fccherk\u00fcche\" style=\"margin: 0 auto; width: 66.666666666667%\" srcset=\"https:\/\/schreinerei-heun.de\/CMS\/wp-content\/uploads\/2017\/10\/20170912_172403.jpg 4128w, https:\/\/schreinerei-heun.de\/CMS\/wp-content\/uploads\/2017\/10\/20170912_172403-300x225.jpg 300w, https:\/\/schreinerei-heun.de\/CMS\/wp-content\/uploads\/2017\/10\/20170912_172403-768x576.jpg 768w, https:\/\/schreinerei-heun.de\/CMS\/wp-content\/uploads\/2017\/10\/20170912_172403-1024x768.jpg 1024w, https:\/\/schreinerei-heun.de\/CMS\/wp-content\/uploads\/2017\/10\/20170912_172403-624x468.jpg 624w\" sizes=\"auto, 100vw\" \/><div class=\"caption-wrap\"><div class=\"caption\">Die etwas andere K\u00fcche<\/div><\/div><\/li>\n                <li style=\"display: none; width: 100%;\" class=\"slide-340 ms-image \" aria-roledescription=\"slide\" data-date=\"2018-03-21 18:59:38\" data-filename=\"20170912_172414.jpg\" data-slide-type=\"image\"><img loading=\"lazy\" decoding=\"async\" width=\"4128\" height=\"3096\" src=\"https:\/\/schreinerei-heun.de\/CMS\/wp-content\/uploads\/2017\/10\/20170912_172414.jpg\" class=\"slider-338 slide-340 msDefaultImage\" alt=\"\" rel=\"\" title=\"20170912_172414\" style=\"margin: 0 auto; width: 66.666666666667%\" srcset=\"https:\/\/schreinerei-heun.de\/CMS\/wp-content\/uploads\/2017\/10\/20170912_172414.jpg 4128w, https:\/\/schreinerei-heun.de\/CMS\/wp-content\/uploads\/2017\/10\/20170912_172414-300x225.jpg 300w, https:\/\/schreinerei-heun.de\/CMS\/wp-content\/uploads\/2017\/10\/20170912_172414-768x576.jpg 768w, https:\/\/schreinerei-heun.de\/CMS\/wp-content\/uploads\/2017\/10\/20170912_172414-1024x768.jpg 1024w, https:\/\/schreinerei-heun.de\/CMS\/wp-content\/uploads\/2017\/10\/20170912_172414-624x468.jpg 624w\" sizes=\"auto, 100vw\" \/><div class=\"caption-wrap\"><div class=\"caption\">Die etwas andere K\u00fcche<\/div><\/div><\/li>\n                <li style=\"display: none; width: 100%;\" class=\"slide-341 ms-image \" aria-roledescription=\"slide\" data-date=\"2018-03-21 18:59:38\" data-filename=\"20170912_172435-e1511886415377.jpg\" data-slide-type=\"image\"><img loading=\"lazy\" decoding=\"async\" width=\"3096\" height=\"4128\" src=\"https:\/\/schreinerei-heun.de\/CMS\/wp-content\/uploads\/2017\/10\/20170912_172435-e1511886415377.jpg\" class=\"slider-338 slide-341 msDefaultImage\" alt=\"\" rel=\"\" title=\"B\u00fccherk\u00fcche\" style=\"margin: 0 auto; width: 37.5%\" srcset=\"https:\/\/schreinerei-heun.de\/CMS\/wp-content\/uploads\/2017\/10\/20170912_172435-e1511886415377.jpg 3096w, https:\/\/schreinerei-heun.de\/CMS\/wp-content\/uploads\/2017\/10\/20170912_172435-e1511886415377-225x300.jpg 225w, https:\/\/schreinerei-heun.de\/CMS\/wp-content\/uploads\/2017\/10\/20170912_172435-e1511886415377-768x1024.jpg 768w, https:\/\/schreinerei-heun.de\/CMS\/wp-content\/uploads\/2017\/10\/20170912_172435-e1511886415377-624x832.jpg 624w\" sizes=\"auto, 100vw\" \/><\/li>\n            <\/ul>\n        <\/div>\n        \n    <\/div>\n<\/div>\n","protected":false},"excerpt":{"rendered":"<p>Gerne realisieren wir mit Ihnen zusammen Ihre Wunschk\u00fcche aus Schreinerhand<\/p>\n","protected":false},"author":3,"featured_media":0,"parent":19,"menu_order":1,"comment_status":"closed","ping_status":"closed","template":"","meta":{"footnotes":""},"class_list":["post-22","page","type-page","status-publish","hentry"],"yoast_head":"<!-- This site is optimized with the Yoast SEO plugin v27.5 - https:\/\/yoast.com\/product\/yoast-seo-wordpress\/ -->\n<title>K\u00fcchenm\u00f6bel - Schreinerei Heun<\/title>\n<meta name=\"robots\" content=\"index, follow, max-snippet:-1, max-image-preview:large, max-video-preview:-1\" \/>\n<link rel=\"canonical\" href=\"https:\/\/schreinerei-heun.de\/CMS\/projekte\/kuchenmobel\/\" \/>\n<meta property=\"og:locale\" content=\"de_DE\" \/>\n<meta property=\"og:type\" content=\"article\" \/>\n<meta property=\"og:title\" content=\"K\u00fcchenm\u00f6bel - Schreinerei Heun\" \/>\n<meta property=\"og:description\" content=\"Gerne realisieren wir mit Ihnen zusammen Ihre Wunschk\u00fcche aus Schreinerhand\" \/>\n<meta property=\"og:url\" content=\"https:\/\/schreinerei-heun.de\/CMS\/projekte\/kuchenmobel\/\" \/>\n<meta property=\"og:site_name\" content=\"Schreinerei Heun\" \/>\n<meta property=\"article:modified_time\" content=\"2018-03-21T17:16:51+00:00\" \/>\n<meta name=\"twitter:card\" content=\"summary_large_image\" \/>\n<script type=\"application\/ld+json\" class=\"yoast-schema-graph\">{\"@context\":\"https:\\\/\\\/schema.org\",\"@graph\":[{\"@type\":\"WebPage\",\"@id\":\"https:\\\/\\\/schreinerei-heun.de\\\/CMS\\\/projekte\\\/kuchenmobel\\\/\",\"url\":\"https:\\\/\\\/schreinerei-heun.de\\\/CMS\\\/projekte\\\/kuchenmobel\\\/\",\"name\":\"K\u00fcchenm\u00f6bel - Schreinerei Heun\",\"isPartOf\":{\"@id\":\"https:\\\/\\\/schreinerei-heun.de\\\/CMS\\\/#website\"},\"datePublished\":\"2013-07-26T23:21:31+00:00\",\"dateModified\":\"2018-03-21T17:16:51+00:00\",\"breadcrumb\":{\"@id\":\"https:\\\/\\\/schreinerei-heun.de\\\/CMS\\\/projekte\\\/kuchenmobel\\\/#breadcrumb\"},\"inLanguage\":\"de\",\"potentialAction\":[{\"@type\":\"ReadAction\",\"target\":[\"https:\\\/\\\/schreinerei-heun.de\\\/CMS\\\/projekte\\\/kuchenmobel\\\/\"]}]},{\"@type\":\"BreadcrumbList\",\"@id\":\"https:\\\/\\\/schreinerei-heun.de\\\/CMS\\\/projekte\\\/kuchenmobel\\\/#breadcrumb\",\"itemListElement\":[{\"@type\":\"ListItem\",\"position\":1,\"name\":\"Startseite\",\"item\":\"https:\\\/\\\/schreinerei-heun.de\\\/CMS\\\/\"},{\"@type\":\"ListItem\",\"position\":2,\"name\":\"Projekte\",\"item\":\"https:\\\/\\\/schreinerei-heun.de\\\/CMS\\\/projekte\\\/\"},{\"@type\":\"ListItem\",\"position\":3,\"name\":\"K\u00fcchenm\u00f6bel\"}]},{\"@type\":\"WebSite\",\"@id\":\"https:\\\/\\\/schreinerei-heun.de\\\/CMS\\\/#website\",\"url\":\"https:\\\/\\\/schreinerei-heun.de\\\/CMS\\\/\",\"name\":\"Schreinerei Heun\",\"description\":\"\u00dcber 50 Jahre Erfahrung im Handwerk\",\"publisher\":{\"@id\":\"https:\\\/\\\/schreinerei-heun.de\\\/CMS\\\/#organization\"},\"potentialAction\":[{\"@type\":\"SearchAction\",\"target\":{\"@type\":\"EntryPoint\",\"urlTemplate\":\"https:\\\/\\\/schreinerei-heun.de\\\/CMS\\\/?s={search_term_string}\"},\"query-input\":{\"@type\":\"PropertyValueSpecification\",\"valueRequired\":true,\"valueName\":\"search_term_string\"}}],\"inLanguage\":\"de\"},{\"@type\":\"Organization\",\"@id\":\"https:\\\/\\\/schreinerei-heun.de\\\/CMS\\\/#organization\",\"name\":\"Schreinerei Heun\",\"url\":\"https:\\\/\\\/schreinerei-heun.de\\\/CMS\\\/\",\"logo\":{\"@type\":\"ImageObject\",\"inLanguage\":\"de\",\"@id\":\"https:\\\/\\\/schreinerei-heun.de\\\/CMS\\\/#\\\/schema\\\/logo\\\/image\\\/\",\"url\":\"https:\\\/\\\/schreinerei-heun.de\\\/CMS\\\/wp-content\\\/uploads\\\/2019\\\/07\\\/logo_akt.png\",\"contentUrl\":\"https:\\\/\\\/schreinerei-heun.de\\\/CMS\\\/wp-content\\\/uploads\\\/2019\\\/07\\\/logo_akt.png\",\"width\":1000,\"height\":540,\"caption\":\"Schreinerei Heun\"},\"image\":{\"@id\":\"https:\\\/\\\/schreinerei-heun.de\\\/CMS\\\/#\\\/schema\\\/logo\\\/image\\\/\"},\"sameAs\":[\"https:\\\/\\\/www.instagram.com\\\/yoast\"]}]}<\/script>\n<!-- \/ Yoast SEO plugin. -->","yoast_head_json":{"title":"K\u00fcchenm\u00f6bel - Schreinerei Heun","robots":{"index":"index","follow":"follow","max-snippet":"max-snippet:-1","max-image-preview":"max-image-preview:large","max-video-preview":"max-video-preview:-1"},"canonical":"https:\/\/schreinerei-heun.de\/CMS\/projekte\/kuchenmobel\/","og_locale":"de_DE","og_type":"article","og_title":"K\u00fcchenm\u00f6bel - Schreinerei Heun","og_description":"Gerne realisieren wir mit Ihnen zusammen Ihre Wunschk\u00fcche aus Schreinerhand","og_url":"https:\/\/schreinerei-heun.de\/CMS\/projekte\/kuchenmobel\/","og_site_name":"Schreinerei Heun","article_modified_time":"2018-03-21T17:16:51+00:00","twitter_card":"summary_large_image","schema":{"@context":"https:\/\/schema.org","@graph":[{"@type":"WebPage","@id":"https:\/\/schreinerei-heun.de\/CMS\/projekte\/kuchenmobel\/","url":"https:\/\/schreinerei-heun.de\/CMS\/projekte\/kuchenmobel\/","name":"K\u00fcchenm\u00f6bel - Schreinerei Heun","isPartOf":{"@id":"https:\/\/schreinerei-heun.de\/CMS\/#website"},"datePublished":"2013-07-26T23:21:31+00:00","dateModified":"2018-03-21T17:16:51+00:00","breadcrumb":{"@id":"https:\/\/schreinerei-heun.de\/CMS\/projekte\/kuchenmobel\/#breadcrumb"},"inLanguage":"de","potentialAction":[{"@type":"ReadAction","target":["https:\/\/schreinerei-heun.de\/CMS\/projekte\/kuchenmobel\/"]}]},{"@type":"BreadcrumbList","@id":"https:\/\/schreinerei-heun.de\/CMS\/projekte\/kuchenmobel\/#breadcrumb","itemListElement":[{"@type":"ListItem","position":1,"name":"Startseite","item":"https:\/\/schreinerei-heun.de\/CMS\/"},{"@type":"ListItem","position":2,"name":"Projekte","item":"https:\/\/schreinerei-heun.de\/CMS\/projekte\/"},{"@type":"ListItem","position":3,"name":"K\u00fcchenm\u00f6bel"}]},{"@type":"WebSite","@id":"https:\/\/schreinerei-heun.de\/CMS\/#website","url":"https:\/\/schreinerei-heun.de\/CMS\/","name":"Schreinerei Heun","description":"\u00dcber 50 Jahre Erfahrung im Handwerk","publisher":{"@id":"https:\/\/schreinerei-heun.de\/CMS\/#organization"},"potentialAction":[{"@type":"SearchAction","target":{"@type":"EntryPoint","urlTemplate":"https:\/\/schreinerei-heun.de\/CMS\/?s={search_term_string}"},"query-input":{"@type":"PropertyValueSpecification","valueRequired":true,"valueName":"search_term_string"}}],"inLanguage":"de"},{"@type":"Organization","@id":"https:\/\/schreinerei-heun.de\/CMS\/#organization","name":"Schreinerei Heun","url":"https:\/\/schreinerei-heun.de\/CMS\/","logo":{"@type":"ImageObject","inLanguage":"de","@id":"https:\/\/schreinerei-heun.de\/CMS\/#\/schema\/logo\/image\/","url":"https:\/\/schreinerei-heun.de\/CMS\/wp-content\/uploads\/2019\/07\/logo_akt.png","contentUrl":"https:\/\/schreinerei-heun.de\/CMS\/wp-content\/uploads\/2019\/07\/logo_akt.png","width":1000,"height":540,"caption":"Schreinerei Heun"},"image":{"@id":"https:\/\/schreinerei-heun.de\/CMS\/#\/schema\/logo\/image\/"},"sameAs":["https:\/\/www.instagram.com\/yoast"]}]}},"_links":{"self":[{"href":"https:\/\/schreinerei-heun.de\/CMS\/wp-json\/wp\/v2\/pages\/22","targetHints":{"allow":["GET"]}}],"collection":[{"href":"https:\/\/schreinerei-heun.de\/CMS\/wp-json\/wp\/v2\/pages"}],"about":[{"href":"https:\/\/schreinerei-heun.de\/CMS\/wp-json\/wp\/v2\/types\/page"}],"author":[{"embeddable":true,"href":"https:\/\/schreinerei-heun.de\/CMS\/wp-json\/wp\/v2\/users\/3"}],"replies":[{"embeddable":true,"href":"https:\/\/schreinerei-heun.de\/CMS\/wp-json\/wp\/v2\/comments?post=22"}],"version-history":[{"count":3,"href":"https:\/\/schreinerei-heun.de\/CMS\/wp-json\/wp\/v2\/pages\/22\/revisions"}],"predecessor-version":[{"id":355,"href":"https:\/\/schreinerei-heun.de\/CMS\/wp-json\/wp\/v2\/pages\/22\/revisions\/355"}],"up":[{"embeddable":true,"href":"https:\/\/schreinerei-heun.de\/CMS\/wp-json\/wp\/v2\/pages\/19"}],"wp:attachment":[{"href":"https:\/\/schreinerei-heun.de\/CMS\/wp-json\/wp\/v2\/media?parent=22"}],"curies":[{"name":"wp","href":"https:\/\/api.w.org\/{rel}","templated":true}]}}