{"id":15,"date":"2013-07-27T01:10:46","date_gmt":"2013-07-26T23:10:46","guid":{"rendered":"http:\/\/schreinerei-heun.de\/CMS\/?page_id=15"},"modified":"2017-08-06T19:08:25","modified_gmt":"2017-08-06T17:08:25","slug":"wir-uber-uns","status":"publish","type":"page","link":"https:\/\/schreinerei-heun.de\/CMS\/wir-uber-uns\/","title":{"rendered":"Wir \u00fcber uns"},"content":{"rendered":"<p>Seit \u00fcber <strong>50 Jahren<\/strong> fertigen wir in unserer Schreinerei hochwertige M\u00f6bel.<br \/>\nDiese werden von <strong>kompetenten Mitarbeitern<\/strong> produziert, die bereits in unserem Betrieb <strong>ausgebildet<\/strong> wurden.<br \/>\nDurch diese Erfahrungswerte liefern wir zuverl\u00e4ssig hohe<strong> Qualit\u00e4tsstandards<\/strong>.<a href=\"https:\/\/schreinerei-heun.de\/CMS\/wp-content\/uploads\/2013\/07\/L1070416_1.jpg\"><img loading=\"lazy\" decoding=\"async\" class=\"size-medium wp-image-197 alignright\" src=\"https:\/\/schreinerei-heun.de\/CMS\/wp-content\/uploads\/2013\/07\/L1070416_1-281x300.jpg\" alt=\"Team\" width=\"281\" height=\"300\" srcset=\"https:\/\/schreinerei-heun.de\/CMS\/wp-content\/uploads\/2013\/07\/L1070416_1-281x300.jpg 281w, https:\/\/schreinerei-heun.de\/CMS\/wp-content\/uploads\/2013\/07\/L1070416_1-961x1024.jpg 961w, https:\/\/schreinerei-heun.de\/CMS\/wp-content\/uploads\/2013\/07\/L1070416_1-624x664.jpg 624w, https:\/\/schreinerei-heun.de\/CMS\/wp-content\/uploads\/2013\/07\/L1070416_1.jpg 1024w\" sizes=\"auto, (max-width: 281px) 100vw, 281px\" \/><\/a><\/p>\n<p>Bei uns werden <strong>Kleinkunden<\/strong> sowie<strong> Gro\u00dfkunden<\/strong> mit hochwertigen Einzelm\u00f6beln oder Elementen beliefert, die sorgf\u00e4ltig und unter hohen Produktionsvoraussetzungen hergestellt werden.<\/p>\n<p>Dazu z\u00e4hlt die Verarbeitung von <strong>hochwertigen<\/strong> und<strong> innovativen Materialien<\/strong> wie z.B. Massivholz, Echtholzfurnier, Granit, Glas und Edelstahl.<\/p>\n<p>Wir <strong>planen<\/strong>, <strong>produzieren<\/strong> und <strong>liefern<\/strong> Ihnen die gew\u00fcnschten M\u00f6bel f\u00fcr die Bereiche K\u00fcche, Essen und Wohnen, Bad, Diele und B\u00fcro. Wenn Sie w\u00fcnschen organisieren wir Ihren Ausbau von <strong>Anfang<\/strong> bis <strong>Ende<\/strong>.<\/p>\n<p>Aber auch f\u00fcr <strong>Objektl\u00f6sungen<\/strong> und <strong>Ladenbau<\/strong> sind wir Ihr Partner. Bei uns werden auch Ihre kreativsten Ideen Wirklichkeit.<\/p>\n<p>Sprechen Sie uns an, wir halten was wir versprechen.<\/p>\n","protected":false},"excerpt":{"rendered":"<p>Seit \u00fcber 50 Jahren fertigen wir in unserer Schreinerei hochwertige M\u00f6bel. Diese werden von kompetenten Mitarbeitern produziert, die bereits in unserem Betrieb ausgebildet wurden. Durch diese Erfahrungswerte liefern wir zuverl\u00e4ssig hohe Qualit\u00e4tsstandards. Bei uns werden Kleinkunden sowie Gro\u00dfkunden mit hochwertigen Einzelm\u00f6beln oder Elementen beliefert, die sorgf\u00e4ltig und unter hohen Produktionsvoraussetzungen hergestellt werden. Dazu z\u00e4hlt die &hellip; <\/p>\n<p class=\"link-more\"><a href=\"https:\/\/schreinerei-heun.de\/CMS\/wir-uber-uns\/\" class=\"more-link\"><span class=\"screen-reader-text\">\u201eWir \u00fcber uns\u201c <\/span>weiterlesen<\/a><\/p>\n","protected":false},"author":3,"featured_media":0,"parent":0,"menu_order":0,"comment_status":"closed","ping_status":"closed","template":"","meta":{"footnotes":""},"class_list":["post-15","page","type-page","status-publish","hentry"],"yoast_head":"<!-- This site is optimized with the Yoast SEO plugin v27.5 - https:\/\/yoast.com\/product\/yoast-seo-wordpress\/ -->\n<title>Wir \u00fcber uns - Schreinerei Heun<\/title>\n<meta name=\"robots\" content=\"index, follow, max-snippet:-1, max-image-preview:large, max-video-preview:-1\" \/>\n<link rel=\"canonical\" href=\"https:\/\/schreinerei-heun.de\/CMS\/wir-uber-uns\/\" \/>\n<meta property=\"og:locale\" content=\"de_DE\" \/>\n<meta property=\"og:type\" content=\"article\" \/>\n<meta property=\"og:title\" content=\"Wir \u00fcber uns - Schreinerei Heun\" \/>\n<meta property=\"og:description\" content=\"Seit \u00fcber 50 Jahren fertigen wir in unserer Schreinerei hochwertige M\u00f6bel. Diese werden von kompetenten Mitarbeitern produziert, die bereits in unserem Betrieb ausgebildet wurden. Durch diese Erfahrungswerte liefern wir zuverl\u00e4ssig hohe Qualit\u00e4tsstandards. Bei uns werden Kleinkunden sowie Gro\u00dfkunden mit hochwertigen Einzelm\u00f6beln oder Elementen beliefert, die sorgf\u00e4ltig und unter hohen Produktionsvoraussetzungen hergestellt werden. Dazu z\u00e4hlt die &hellip; \u201eWir \u00fcber uns\u201c weiterlesen\" \/>\n<meta property=\"og:url\" content=\"https:\/\/schreinerei-heun.de\/CMS\/wir-uber-uns\/\" \/>\n<meta property=\"og:site_name\" content=\"Schreinerei Heun\" \/>\n<meta property=\"article:modified_time\" content=\"2017-08-06T17:08:25+00:00\" \/>\n<meta property=\"og:image\" content=\"http:\/\/schreinerei-heun.de\/CMS\/wp-content\/uploads\/2013\/07\/L1070416_1-281x300.jpg\" \/>\n<meta name=\"twitter:card\" content=\"summary_large_image\" \/>\n<meta name=\"twitter:label1\" content=\"Gesch\u00e4tzte Lesezeit\" \/>\n\t<meta name=\"twitter:data1\" content=\"1\u00a0Minute\" \/>\n<script type=\"application\/ld+json\" class=\"yoast-schema-graph\">{\"@context\":\"https:\\\/\\\/schema.org\",\"@graph\":[{\"@type\":\"WebPage\",\"@id\":\"https:\\\/\\\/schreinerei-heun.de\\\/CMS\\\/wir-uber-uns\\\/\",\"url\":\"https:\\\/\\\/schreinerei-heun.de\\\/CMS\\\/wir-uber-uns\\\/\",\"name\":\"Wir \u00fcber uns - Schreinerei Heun\",\"isPartOf\":{\"@id\":\"https:\\\/\\\/schreinerei-heun.de\\\/CMS\\\/#website\"},\"primaryImageOfPage\":{\"@id\":\"https:\\\/\\\/schreinerei-heun.de\\\/CMS\\\/wir-uber-uns\\\/#primaryimage\"},\"image\":{\"@id\":\"https:\\\/\\\/schreinerei-heun.de\\\/CMS\\\/wir-uber-uns\\\/#primaryimage\"},\"thumbnailUrl\":\"http:\\\/\\\/schreinerei-heun.de\\\/CMS\\\/wp-content\\\/uploads\\\/2013\\\/07\\\/L1070416_1-281x300.jpg\",\"datePublished\":\"2013-07-26T23:10:46+00:00\",\"dateModified\":\"2017-08-06T17:08:25+00:00\",\"breadcrumb\":{\"@id\":\"https:\\\/\\\/schreinerei-heun.de\\\/CMS\\\/wir-uber-uns\\\/#breadcrumb\"},\"inLanguage\":\"de\",\"potentialAction\":[{\"@type\":\"ReadAction\",\"target\":[\"https:\\\/\\\/schreinerei-heun.de\\\/CMS\\\/wir-uber-uns\\\/\"]}]},{\"@type\":\"ImageObject\",\"inLanguage\":\"de\",\"@id\":\"https:\\\/\\\/schreinerei-heun.de\\\/CMS\\\/wir-uber-uns\\\/#primaryimage\",\"url\":\"http:\\\/\\\/schreinerei-heun.de\\\/CMS\\\/wp-content\\\/uploads\\\/2013\\\/07\\\/L1070416_1-281x300.jpg\",\"contentUrl\":\"http:\\\/\\\/schreinerei-heun.de\\\/CMS\\\/wp-content\\\/uploads\\\/2013\\\/07\\\/L1070416_1-281x300.jpg\"},{\"@type\":\"BreadcrumbList\",\"@id\":\"https:\\\/\\\/schreinerei-heun.de\\\/CMS\\\/wir-uber-uns\\\/#breadcrumb\",\"itemListElement\":[{\"@type\":\"ListItem\",\"position\":1,\"name\":\"Startseite\",\"item\":\"https:\\\/\\\/schreinerei-heun.de\\\/CMS\\\/\"},{\"@type\":\"ListItem\",\"position\":2,\"name\":\"Wir \u00fcber uns\"}]},{\"@type\":\"WebSite\",\"@id\":\"https:\\\/\\\/schreinerei-heun.de\\\/CMS\\\/#website\",\"url\":\"https:\\\/\\\/schreinerei-heun.de\\\/CMS\\\/\",\"name\":\"Schreinerei Heun\",\"description\":\"\u00dcber 50 Jahre Erfahrung im Handwerk\",\"publisher\":{\"@id\":\"https:\\\/\\\/schreinerei-heun.de\\\/CMS\\\/#organization\"},\"potentialAction\":[{\"@type\":\"SearchAction\",\"target\":{\"@type\":\"EntryPoint\",\"urlTemplate\":\"https:\\\/\\\/schreinerei-heun.de\\\/CMS\\\/?s={search_term_string}\"},\"query-input\":{\"@type\":\"PropertyValueSpecification\",\"valueRequired\":true,\"valueName\":\"search_term_string\"}}],\"inLanguage\":\"de\"},{\"@type\":\"Organization\",\"@id\":\"https:\\\/\\\/schreinerei-heun.de\\\/CMS\\\/#organization\",\"name\":\"Schreinerei Heun\",\"url\":\"https:\\\/\\\/schreinerei-heun.de\\\/CMS\\\/\",\"logo\":{\"@type\":\"ImageObject\",\"inLanguage\":\"de\",\"@id\":\"https:\\\/\\\/schreinerei-heun.de\\\/CMS\\\/#\\\/schema\\\/logo\\\/image\\\/\",\"url\":\"https:\\\/\\\/schreinerei-heun.de\\\/CMS\\\/wp-content\\\/uploads\\\/2019\\\/07\\\/logo_akt.png\",\"contentUrl\":\"https:\\\/\\\/schreinerei-heun.de\\\/CMS\\\/wp-content\\\/uploads\\\/2019\\\/07\\\/logo_akt.png\",\"width\":1000,\"height\":540,\"caption\":\"Schreinerei Heun\"},\"image\":{\"@id\":\"https:\\\/\\\/schreinerei-heun.de\\\/CMS\\\/#\\\/schema\\\/logo\\\/image\\\/\"},\"sameAs\":[\"https:\\\/\\\/www.instagram.com\\\/yoast\"]}]}<\/script>\n<!-- \/ Yoast SEO plugin. -->","yoast_head_json":{"title":"Wir \u00fcber uns - Schreinerei Heun","robots":{"index":"index","follow":"follow","max-snippet":"max-snippet:-1","max-image-preview":"max-image-preview:large","max-video-preview":"max-video-preview:-1"},"canonical":"https:\/\/schreinerei-heun.de\/CMS\/wir-uber-uns\/","og_locale":"de_DE","og_type":"article","og_title":"Wir \u00fcber uns - Schreinerei Heun","og_description":"Seit \u00fcber 50 Jahren fertigen wir in unserer Schreinerei hochwertige M\u00f6bel. Diese werden von kompetenten Mitarbeitern produziert, die bereits in unserem Betrieb ausgebildet wurden. Durch diese Erfahrungswerte liefern wir zuverl\u00e4ssig hohe Qualit\u00e4tsstandards. Bei uns werden Kleinkunden sowie Gro\u00dfkunden mit hochwertigen Einzelm\u00f6beln oder Elementen beliefert, die sorgf\u00e4ltig und unter hohen Produktionsvoraussetzungen hergestellt werden. Dazu z\u00e4hlt die &hellip; \u201eWir \u00fcber uns\u201c weiterlesen","og_url":"https:\/\/schreinerei-heun.de\/CMS\/wir-uber-uns\/","og_site_name":"Schreinerei Heun","article_modified_time":"2017-08-06T17:08:25+00:00","og_image":[{"url":"http:\/\/schreinerei-heun.de\/CMS\/wp-content\/uploads\/2013\/07\/L1070416_1-281x300.jpg","type":"","width":"","height":""}],"twitter_card":"summary_large_image","twitter_misc":{"Gesch\u00e4tzte Lesezeit":"1\u00a0Minute"},"schema":{"@context":"https:\/\/schema.org","@graph":[{"@type":"WebPage","@id":"https:\/\/schreinerei-heun.de\/CMS\/wir-uber-uns\/","url":"https:\/\/schreinerei-heun.de\/CMS\/wir-uber-uns\/","name":"Wir \u00fcber uns - Schreinerei Heun","isPartOf":{"@id":"https:\/\/schreinerei-heun.de\/CMS\/#website"},"primaryImageOfPage":{"@id":"https:\/\/schreinerei-heun.de\/CMS\/wir-uber-uns\/#primaryimage"},"image":{"@id":"https:\/\/schreinerei-heun.de\/CMS\/wir-uber-uns\/#primaryimage"},"thumbnailUrl":"http:\/\/schreinerei-heun.de\/CMS\/wp-content\/uploads\/2013\/07\/L1070416_1-281x300.jpg","datePublished":"2013-07-26T23:10:46+00:00","dateModified":"2017-08-06T17:08:25+00:00","breadcrumb":{"@id":"https:\/\/schreinerei-heun.de\/CMS\/wir-uber-uns\/#breadcrumb"},"inLanguage":"de","potentialAction":[{"@type":"ReadAction","target":["https:\/\/schreinerei-heun.de\/CMS\/wir-uber-uns\/"]}]},{"@type":"ImageObject","inLanguage":"de","@id":"https:\/\/schreinerei-heun.de\/CMS\/wir-uber-uns\/#primaryimage","url":"http:\/\/schreinerei-heun.de\/CMS\/wp-content\/uploads\/2013\/07\/L1070416_1-281x300.jpg","contentUrl":"http:\/\/schreinerei-heun.de\/CMS\/wp-content\/uploads\/2013\/07\/L1070416_1-281x300.jpg"},{"@type":"BreadcrumbList","@id":"https:\/\/schreinerei-heun.de\/CMS\/wir-uber-uns\/#breadcrumb","itemListElement":[{"@type":"ListItem","position":1,"name":"Startseite","item":"https:\/\/schreinerei-heun.de\/CMS\/"},{"@type":"ListItem","position":2,"name":"Wir \u00fcber uns"}]},{"@type":"WebSite","@id":"https:\/\/schreinerei-heun.de\/CMS\/#website","url":"https:\/\/schreinerei-heun.de\/CMS\/","name":"Schreinerei Heun","description":"\u00dcber 50 Jahre Erfahrung im Handwerk","publisher":{"@id":"https:\/\/schreinerei-heun.de\/CMS\/#organization"},"potentialAction":[{"@type":"SearchAction","target":{"@type":"EntryPoint","urlTemplate":"https:\/\/schreinerei-heun.de\/CMS\/?s={search_term_string}"},"query-input":{"@type":"PropertyValueSpecification","valueRequired":true,"valueName":"search_term_string"}}],"inLanguage":"de"},{"@type":"Organization","@id":"https:\/\/schreinerei-heun.de\/CMS\/#organization","name":"Schreinerei Heun","url":"https:\/\/schreinerei-heun.de\/CMS\/","logo":{"@type":"ImageObject","inLanguage":"de","@id":"https:\/\/schreinerei-heun.de\/CMS\/#\/schema\/logo\/image\/","url":"https:\/\/schreinerei-heun.de\/CMS\/wp-content\/uploads\/2019\/07\/logo_akt.png","contentUrl":"https:\/\/schreinerei-heun.de\/CMS\/wp-content\/uploads\/2019\/07\/logo_akt.png","width":1000,"height":540,"caption":"Schreinerei Heun"},"image":{"@id":"https:\/\/schreinerei-heun.de\/CMS\/#\/schema\/logo\/image\/"},"sameAs":["https:\/\/www.instagram.com\/yoast"]}]}},"_links":{"self":[{"href":"https:\/\/schreinerei-heun.de\/CMS\/wp-json\/wp\/v2\/pages\/15","targetHints":{"allow":["GET"]}}],"collection":[{"href":"https:\/\/schreinerei-heun.de\/CMS\/wp-json\/wp\/v2\/pages"}],"about":[{"href":"https:\/\/schreinerei-heun.de\/CMS\/wp-json\/wp\/v2\/types\/page"}],"author":[{"embeddable":true,"href":"https:\/\/schreinerei-heun.de\/CMS\/wp-json\/wp\/v2\/users\/3"}],"replies":[{"embeddable":true,"href":"https:\/\/schreinerei-heun.de\/CMS\/wp-json\/wp\/v2\/comments?post=15"}],"version-history":[{"count":9,"href":"https:\/\/schreinerei-heun.de\/CMS\/wp-json\/wp\/v2\/pages\/15\/revisions"}],"predecessor-version":[{"id":255,"href":"https:\/\/schreinerei-heun.de\/CMS\/wp-json\/wp\/v2\/pages\/15\/revisions\/255"}],"wp:attachment":[{"href":"https:\/\/schreinerei-heun.de\/CMS\/wp-json\/wp\/v2\/media?parent=15"}],"curies":[{"name":"wp","href":"https:\/\/api.w.org\/{rel}","templated":true}]}}